{"id":4910,"date":"2014-09-02T07:06:19","date_gmt":"2014-09-02T07:06:19","guid":{"rendered":"https:\/\/demos.artbees.net\/jupiter\/?page_id=4910"},"modified":"2023-10-20T06:20:45","modified_gmt":"2023-10-20T10:20:45","slug":"homepage-3","status":"publish","type":"page","link":"https:\/\/filaturequali-t.com\/en\/","title":{"rendered":"Home"},"content":{"rendered":"<div class=\"wpb-content-wrapper\">[vc_row fullwidth=&#8221;true&#8221; padding=&#8221;0&#8243;][vc_column][mk_layerslider id=&#8221;13&#8243;][\/vc_column][\/vc_row][vc_row][vc_column][mk_fancy_title color=&#8221;#222222&#8243; size=&#8221;28&#8243; txt_transform=&#8221;capitalize&#8221; letter_spacing=&#8221;1&#8243; margin_top=&#8221;80&#8243; font_family=&#8221;none&#8221; align=&#8221;center&#8221; width=&#8221;1\/1&#8243; el_position=&#8221;first last&#8221;]<strong>YOUR PROFESSIONAL IN SECURITY, SURVEILLANCE AND INVESTIGATION SERVICES.<\/strong>[\/mk_fancy_title][mk_fancy_title color=&#8221;#808080&#8243; size=&#8221;16&#8243; txt_transform=&#8221;capitalize&#8221; margin_bottom=&#8221;18&#8243; font_family=&#8221;none&#8221; align=&#8221;center&#8221; width=&#8221;1\/1&#8243; el_position=&#8221;first last&#8221;]S\u00c9CURIT\u00c9 INVESTIGATIONS QUALI-T\u00a0offers you <strong>security, surveillance and investigation services.<\/strong>[\/mk_fancy_title][\/vc_column][\/vc_row][vc_row][vc_column][mk_image src=&#8221;https:\/\/filaturequali-t.com\/wp-content\/uploads\/2023\/10\/s_logo-en.jpeg&#8221; image_size=&#8221;medium&#8221; align=&#8221;center&#8221;][mk_fancy_title color=&#8221;#808080&#8243; size=&#8221;16&#8243; txt_transform=&#8221;capitalize&#8221; margin_bottom=&#8221;18&#8243; font_family=&#8221;none&#8221; align=&#8221;center&#8221; width=&#8221;1\/1&#8243; el_position=&#8221;first last&#8221;]QUALI-T &#8211; Your reliable partner in the protection of personal information. ISO-27001 certified on IT security.[\/mk_fancy_title][mk_divider style=&#8221;padding_space&#8221; margin_top=&#8221;30&#8243; margin_bottom=&#8221;30&#8243; width=&#8221;1\/1&#8243; el_position=&#8221;first last&#8221;][\/vc_column][vc_column width=&#8221;1\/3&#8243;][mk_icon_box icon=&#8221;mk-icon-shield&#8221; title=&#8221;SECURITY&#8221; font_weight=&#8221;bold&#8221; read_more_txt=&#8221;READ MORE&#8230;&#8221; read_more_url=&#8221;https:\/\/filaturequali-t.com\/security\/&#8221; style=&#8221;simple_ultimate&#8221; icon_size=&#8221;medium&#8221; icon_location=&#8221;top&#8221; icon_color=&#8221;#f7991f&#8221; title_color=&#8221;#222222&#8243; txt_color=&#8221;#595959&#8243; margin=&#8221;0&#8243; animation=&#8221;scale-up&#8221; box_blur=&#8221;false&#8221; width=&#8221;1\/1&#8243; el_position=&#8221;last&#8221;]Our security agency, with its private investigators, security agents and video surveillance center, is proud to offer its services throughout the province of Quebec.[\/mk_icon_box][\/vc_column][vc_column width=&#8221;1\/3&#8243;][mk_icon_box icon=&#8221;mk-icon-camera&#8221; title=&#8221;INVESTIGATIONS&#8221; font_weight=&#8221;bold&#8221; read_more_txt=&#8221;READ MORE&#8230;&#8221; read_more_url=&#8221;https:\/\/filaturequali-t.com\/investigations\/&#8221; style=&#8221;simple_ultimate&#8221; icon_size=&#8221;medium&#8221; icon_location=&#8221;top&#8221; icon_color=&#8221;#f7991f&#8221; title_color=&#8221;#222222&#8243; txt_color=&#8221;#595959&#8243; margin=&#8221;0&#8243; animation=&#8221;scale-up&#8221; box_blur=&#8221;false&#8221; width=&#8221;1\/1&#8243;]Opt for investigation and investigation services that target your needs. Use a professional service that will provide you with precise answers, quickly.[\/mk_icon_box][\/vc_column][vc_column width=&#8221;1\/3&#8243;][mk_icon_box icon=&#8221;mk-icon-binoculars&#8221; title=&#8221;SURVEILLANCE&#8221; font_weight=&#8221;bold&#8221; read_more_txt=&#8221;READ MORE&#8230;&#8221; read_more_url=&#8221;https:\/\/filaturequali-t.com\/surveillance-services\/&#8221; style=&#8221;simple_ultimate&#8221; icon_size=&#8221;medium&#8221; icon_location=&#8221;top&#8221; icon_color=&#8221;#f7991f&#8221; title_color=&#8221;#222222&#8243; txt_color=&#8221;#595959&#8243; margin=&#8221;20&#8243; animation=&#8221;scale-up&#8221; box_blur=&#8221;false&#8221; width=&#8221;1\/1&#8243; el_position=&#8221;first&#8221;]With a solid experience in the field of <strong>private security<\/strong>, we guarantee you discreet <strong>surveillance services<\/strong>, made in complete confidentiality.[\/mk_icon_box][\/vc_column][\/vc_row][vc_row][vc_column][mk_divider style=&#8221;padding_space&#8221; margin_top=&#8221;15&#8243; margin_bottom=&#8221;15&#8243; width=&#8221;1\/1&#8243; el_position=&#8221;first last&#8221;][\/vc_column][\/vc_row][mk_page_section bg_color=&#8221;#f6f6f6&#8243; enable_3d=&#8221;true&#8221; speed_factor=&#8221;0&#8243; top_shadow=&#8221;true&#8221; min_height=&#8221;50&#8243; padding_top=&#8221;80&#8243; padding_bottom=&#8221;50&#8243; margin_bottom=&#8221;10&#8243; order_color=&#8221;#e5e5e5&#8243; sidebar=&#8221;Shortcodes&#8221; last_page=&#8221;false&#8221;][vc_column width=&#8221;1\/2&#8243;][mk_image src=&#8221;https:\/\/filaturequali-t.com\/wp-content\/uploads\/2019\/01\/securite-investigations-filature-bodygard.jpg&#8221; image_size=&#8221;full&#8221; group=&#8221;_general&#8221; align=&#8221;center&#8221; animation=&#8221;left-to-right&#8221; width=&#8221;1\/1&#8243; el_position=&#8221;first&#8221; crop=&#8221;true&#8221;][\/vc_column][vc_column width=&#8221;1\/2&#8243;][mk_divider style=&#8221;padding_space&#8221; margin_top=&#8221;0&#8243; margin_bottom=&#8221;30&#8243; width=&#8221;1\/1&#8243; el_position=&#8221;first last&#8221;][vc_column_text css=&#8221;.vc_custom_1544632380901{margin-bottom: 0px !important;}&#8221;]\n<h2>WHY CHOOSE S\u00c9CURIT\u00c9 INVESTIGATIONS QUALI-T<\/h2>\n[\/vc_column_text][mk_divider style=&#8221;padding_space&#8221; margin_top=&#8221;0&#8243; margin_bottom=&#8221;30&#8243; width=&#8221;1\/1&#8243; el_position=&#8221;first last&#8221;][mk_icon_box icon=&#8221;moon-eye&#8221; title=&#8221;PROFESSIONAL&#8221; style=&#8221;simple_ultimate&#8221; icon_color=&#8221;#bbb&#8221; margin=&#8221;10&#8243; animation=&#8221;scale-up&#8221; box_blur=&#8221;false&#8221; width=&#8221;1\/1&#8243; el_position=&#8221;first last&#8221;]\n<ul>\n<li>Solid experience in the <strong>security <\/strong>business<\/li>\n<li>Extensive expertise in <strong>investigation<\/strong><\/li>\n<\/ul>\n[\/mk_icon_box][mk_divider style=&#8221;single_dotted&#8221; width=&#8221;1\/1&#8243; el_position=&#8221;first last&#8221;][mk_icon_box icon=&#8221;mk-icon-users&#8221; title=&#8221;EXPERIMENTED&#8221; style=&#8221;simple_ultimate&#8221; icon_color=&#8221;#bbb&#8221; margin=&#8221;10&#8243; animation=&#8221;scale-up&#8221; box_blur=&#8221;false&#8221; width=&#8221;1\/1&#8243; el_position=&#8221;first last&#8221;]\n<ul>\n<li>A <strong>dynamic<\/strong>, <strong>qualified<\/strong> and <strong>experienced<\/strong> team<\/li>\n<li>A high level of <strong>confidentiality<\/strong> in the work<\/li>\n<\/ul>\n[\/mk_icon_box][mk_divider style=&#8221;single_dotted&#8221; width=&#8221;1\/1&#8243; el_position=&#8221;first last&#8221;][mk_icon_box icon=&#8221;mk-icon-thumbs-up&#8221; title=&#8221;QUALIFIED&#8221; style=&#8221;simple_ultimate&#8221; icon_color=&#8221;#bbb&#8221; margin=&#8221;10&#8243; animation=&#8221;scale-up&#8221; box_blur=&#8221;false&#8221; width=&#8221;1\/1&#8243; el_position=&#8221;first last&#8221;]\n<ul>\n<li><strong>Exceptional<\/strong> level of <strong>commitment<\/strong><\/li>\n<li><strong>Qualification<\/strong> and unmatched <strong>dynamism<\/strong> of our security agents.<\/li>\n<\/ul>\n[\/mk_icon_box][\/vc_column][\/mk_page_section][vc_row][vc_column][mk_padding_divider size=&#8221;50&#8243;][mk_image src=&#8221;https:\/\/filaturequali-t.com\/wp-content\/uploads\/2018\/10\/logo-transparent.png&#8221; image_width=&#8221;150&#8243; image_height=&#8221;150&#8243; group=&#8221;_general&#8221; align=&#8221;center&#8221; animation=&#8221;scale-up&#8221; width=&#8221;1\/1&#8243; el_position=&#8221;first last&#8221; crop=&#8221;true&#8221;][mk_divider style=&#8221;padding_space&#8221; margin_top=&#8221;10&#8243; margin_bottom=&#8221;10&#8243; width=&#8221;1\/1&#8243; el_position=&#8221;first last&#8221;][mk_fancy_title color=&#8221;#222222&#8243; size=&#8221;32&#8243; txt_transform=&#8221;capitalize&#8221; font_family=&#8221;none&#8221; align=&#8221;center&#8221; width=&#8221;1\/1&#8243; el_position=&#8221;first last&#8221;]<strong>DISCREET SURVEILLANCE AND INVESTIGATION SERVICES<\/strong>[\/mk_fancy_title][mk_fancy_title color=&#8221;#808080&#8243; size=&#8221;16&#8243; txt_transform=&#8221;capitalize&#8221; margin_bottom=&#8221;18&#8243; font_family=&#8221;none&#8221; align=&#8221;center&#8221; width=&#8221;1\/1&#8243; el_position=&#8221;first last&#8221;]We offer quality monitoring, surveillance and investigative services throughout the province of Quebec.[\/mk_fancy_title][mk_divider style=&#8221;padding_space&#8221; width=&#8221;1\/1&#8243; el_position=&#8221;first last&#8221;][\/vc_column][\/vc_row][vc_row][vc_column][vc_column_text width=&#8221;1\/1&#8243; el_position=&#8221;first&#8221; css=&#8221;.vc_custom_1544632789261{margin-bottom: 0px !important;}&#8221;]<strong>S\u00c9CURIT\u00c9 INVESTIGATIONS QUALI-T<\/strong>\u00a0was founded in 1998 by a former SQ (S\u00fbret\u00e9 du Qu\u00e9bec) police offer. Since the very beginning, we have specialized in all types of monitoring, surveillance and investigative activities.<\/p>\n<p>Our team is currently made up of close to 300 employees who serve both private and governmental organizations. We also provide services for corporate executives, employers, property owners, tenants and ordinary citizens. You can trust our investigators and other professionals to handle any bodyguard services, investigative work and site surveillance.<\/p>\n<p>Our company can also customize different types of solutions: gathering information, collecting evidence, finding witnesses and various investigations. Whatever your request may be, we guarantee discreet and highly confidential services.<\/p>\n<p><em><strong>We can handle various monitoring, surveillance and investigative activities.<\/strong><\/em>[\/vc_column_text][\/vc_column][\/vc_row][vc_row][vc_column][mk_button dimension=&#8221;flat&#8221; corner_style=&#8221;rounded&#8221; size=&#8221;large&#8221; icon=&#8221;mk-icon-edit&#8221; url=&#8221;https:\/\/filaturequali-t.com\/contact&#8221; align=&#8221;center&#8221; margin_top=&#8221;40&#8243; margin_bottom=&#8221;20&#8243; bg_color=&#8221;#666666&#8243; btn_hover_bg=&#8221;#252525&#8243; width=&#8221;1\/1&#8243; el_position=&#8221;first last&#8221;]Information Request<br \/>\n[\/mk_button][mk_divider style=&#8221;padding_space&#8221; margin_top=&#8221;15&#8243; margin_bottom=&#8221;15&#8243; width=&#8221;1\/1&#8243; el_position=&#8221;first last&#8221;][\/vc_column][\/vc_row][mk_page_section bg_color=&#8221;#f6f6f6&#8243; enable_3d=&#8221;true&#8221; speed_factor=&#8221;0&#8243; top_shadow=&#8221;true&#8221; min_height=&#8221;50&#8243; padding_top=&#8221;80&#8243; padding_bottom=&#8221;50&#8243; margin_bottom=&#8221;10&#8243; order_color=&#8221;#e5e5e5&#8243; sidebar=&#8221;Shortcodes&#8221; last_page=&#8221;false&#8221;][vc_column width=&#8221;1\/2&#8243;][vc_column_text width=&#8221;1\/1&#8243; el_position=&#8221;first&#8221; css=&#8221;.vc_custom_1544632885898{margin-bottom: 0px !important;}&#8221;]\n<h2>A young and dynamic team that you can trust<\/h2>\n<p>You can trust our investigative and surveillance team to offer a wide range of services. Our security agents are a major asset! They are highly qualified and exceptionally resourceful.<\/p>\n<p>With experience handling different types of cases, our agents are skilled and effective investigators. Depending on the situation, we dispatch highly qualified staff members who also bring their specific areas of expertise to your file. Whether the situation involves theft, fraud, abuse or simply the need for information, we are available to help.<\/p>\n<p>You can also trust S\u00c9CURIT\u00c9 INVESTIGATIONS QUALI-T with any cases involving the CSST, fraud, extortion, stolen time or cybercrime. Our dynamic team is also available to handle any employment or tenant background checks.<\/p>\n<p><em><strong>Choose our highly qualified and reliable investigators<\/strong><\/em>[\/vc_column_text][\/vc_column][vc_column width=&#8221;1\/2&#8243;][mk_image src=&#8221;https:\/\/filaturequali-t.com\/wp-content\/uploads\/2019\/01\/investigations-securite-filature.jpg&#8221; image_size=&#8221;full&#8221; group=&#8221;_general&#8221; align=&#8221;center&#8221; animation=&#8221;left-to-right&#8221; width=&#8221;1\/1&#8243; el_position=&#8221;first&#8221; crop=&#8221;true&#8221;][mk_divider style=&#8221;single_dotted&#8221; width=&#8221;1\/1&#8243; el_position=&#8221;first last&#8221;][\/vc_column][\/mk_page_section][vc_row][vc_column][mk_button dimension=&#8221;flat&#8221; corner_style=&#8221;rounded&#8221; size=&#8221;large&#8221; icon=&#8221;mk-icon-edit&#8221; url=&#8221;https:\/\/filaturequali-t.com\/contact\/&#8221; align=&#8221;center&#8221; margin_top=&#8221;40&#8243; margin_bottom=&#8221;20&#8243; bg_color=&#8221;#666666&#8243; btn_hover_bg=&#8221;#252525&#8243; width=&#8221;1\/1&#8243; el_position=&#8221;first last&#8221;]Information Request[\/mk_button][mk_divider style=&#8221;padding_space&#8221; margin_top=&#8221;15&#8243; margin_bottom=&#8221;15&#8243; width=&#8221;1\/1&#8243; el_position=&#8221;first last&#8221;][\/vc_column][\/vc_row]\n<\/div>","protected":false},"excerpt":{"rendered":"<p>[vc_row fullwidth=&#8221;true&#8221; padding=&#8221;0&#8243;][vc_column][mk_layerslider id=&#8221;13&#8243;][\/vc_column][\/vc_row][vc_row][vc_column][mk_fancy_title color=&#8221;#222222&#8243; size=&#8221;28&#8243; txt_transform=&#8221;capitalize&#8221; letter_spacing=&#8221;1&#8243; margin_top=&#8221;80&#8243; font_family=&#8221;none&#8221; align=&#8221;center&#8221; width=&#8221;1\/1&#8243; el_position=&#8221;first last&#8221;]YOUR PROFESSIONAL IN SECURITY, SURVEILLANCE AND INVESTIGATION SERVICES.[\/mk_fancy_title][mk_fancy_title color=&#8221;#808080&#8243; size=&#8221;16&#8243; txt_transform=&#8221;capitalize&#8221; margin_bottom=&#8221;18&#8243; font_family=&#8221;none&#8221; align=&#8221;center&#8221; width=&#8221;1\/1&#8243; el_position=&#8221;first last&#8221;]S\u00c9CURIT\u00c9 INVESTIGATIONS QUALI-T\u00a0offers you security, surveillance and investigation services.[\/mk_fancy_title][\/vc_column][\/vc_row][vc_row][vc_column][mk_image src=&#8221;https:\/\/filaturequali-t.com\/wp-content\/uploads\/2023\/10\/s_logo-en.jpeg&#8221; image_size=&#8221;medium&#8221; align=&#8221;center&#8221;][mk_fancy_title color=&#8221;#808080&#8243; size=&#8221;16&#8243; txt_transform=&#8221;capitalize&#8221; margin_bottom=&#8221;18&#8243; font_family=&#8221;none&#8221; align=&#8221;center&#8221; width=&#8221;1\/1&#8243; el_position=&#8221;first last&#8221;]QUALI-T &#8211; Your reliable partner in [&hellip;]<\/p>\n","protected":false},"author":1,"featured_media":0,"parent":0,"menu_order":0,"comment_status":"open","ping_status":"closed","template":"","meta":{"footnotes":""},"class_list":["post-4910","page","type-page","status-publish","hentry"],"yoast_head":"<!-- This site is optimized with the Yoast SEO Premium plugin v26.8 (Yoast SEO v26.8) - https:\/\/yoast.com\/product\/yoast-seo-premium-wordpress\/ -->\n<title>Home - S\u00e9curit\u00e9 Investigation Quali-T<\/title>\n<meta name=\"robots\" content=\"index, follow, max-snippet:-1, max-image-preview:large, max-video-preview:-1\" \/>\n<link rel=\"canonical\" href=\"https:\/\/filaturequali-t.com\/en\/\" \/>\n<meta property=\"og:locale\" content=\"en_US\" \/>\n<meta property=\"og:type\" content=\"article\" \/>\n<meta property=\"og:title\" content=\"Home\" \/>\n<meta property=\"og:description\" content=\"[vc_row fullwidth=&#8221;true&#8221; padding=&#8221;0&#8243;][vc_column][mk_layerslider id=&#8221;13&#8243;][\/vc_column][\/vc_row][vc_row][vc_column][mk_fancy_title color=&#8221;#222222&#8243; size=&#8221;28&#8243; txt_transform=&#8221;capitalize&#8221; letter_spacing=&#8221;1&#8243; margin_top=&#8221;80&#8243; font_family=&#8221;none&#8221; align=&#8221;center&#8221; width=&#8221;1\/1&#8243; el_position=&#8221;first last&#8221;]YOUR PROFESSIONAL IN SECURITY, SURVEILLANCE AND INVESTIGATION SERVICES.[\/mk_fancy_title][mk_fancy_title color=&#8221;#808080&#8243; size=&#8221;16&#8243; txt_transform=&#8221;capitalize&#8221; margin_bottom=&#8221;18&#8243; font_family=&#8221;none&#8221; align=&#8221;center&#8221; width=&#8221;1\/1&#8243; el_position=&#8221;first last&#8221;]S\u00c9CURIT\u00c9 INVESTIGATIONS QUALI-T\u00a0offers you security, surveillance and investigation services.[\/mk_fancy_title][\/vc_column][\/vc_row][vc_row][vc_column][mk_image src=&#8221;https:\/\/filaturequali-t.com\/wp-content\/uploads\/2023\/10\/s_logo-en.jpeg&#8221; image_size=&#8221;medium&#8221; align=&#8221;center&#8221;][mk_fancy_title color=&#8221;#808080&#8243; size=&#8221;16&#8243; txt_transform=&#8221;capitalize&#8221; margin_bottom=&#8221;18&#8243; font_family=&#8221;none&#8221; align=&#8221;center&#8221; width=&#8221;1\/1&#8243; el_position=&#8221;first last&#8221;]QUALI-T &#8211; Your reliable partner in [&hellip;]\" \/>\n<meta property=\"og:url\" content=\"https:\/\/filaturequali-t.com\/en\/\" \/>\n<meta property=\"og:site_name\" content=\"S\u00e9curit\u00e9 Investigation Quali-T\" \/>\n<meta property=\"article:modified_time\" content=\"2023-10-20T10:20:45+00:00\" \/>\n<meta name=\"twitter:card\" content=\"summary_large_image\" \/>\n<meta name=\"twitter:label1\" content=\"Est. reading time\" \/>\n\t<meta name=\"twitter:data1\" content=\"4 minutes\" \/>\n<script type=\"application\/ld+json\" class=\"yoast-schema-graph\">{\"@context\":\"https:\/\/schema.org\",\"@graph\":[{\"@type\":\"WebPage\",\"@id\":\"https:\/\/filaturequali-t.com\/en\/\",\"url\":\"https:\/\/filaturequali-t.com\/en\/\",\"name\":\"Home - S\u00e9curit\u00e9 Investigation Quali-T\",\"isPartOf\":{\"@id\":\"https:\/\/filaturequali-t.com\/#website\"},\"datePublished\":\"2014-09-02T07:06:19+00:00\",\"dateModified\":\"2023-10-20T10:20:45+00:00\",\"breadcrumb\":{\"@id\":\"https:\/\/filaturequali-t.com\/en\/#breadcrumb\"},\"inLanguage\":\"en-US\",\"potentialAction\":[{\"@type\":\"ReadAction\",\"target\":[\"https:\/\/filaturequali-t.com\/en\/\"]}]},{\"@type\":\"BreadcrumbList\",\"@id\":\"https:\/\/filaturequali-t.com\/en\/#breadcrumb\",\"itemListElement\":[{\"@type\":\"ListItem\",\"position\":1,\"name\":\"Home\",\"item\":\"https:\/\/filaturequali-t.com\/en\/\"},{\"@type\":\"ListItem\",\"position\":2,\"name\":\"Home\"}]},{\"@type\":\"WebSite\",\"@id\":\"https:\/\/filaturequali-t.com\/#website\",\"url\":\"https:\/\/filaturequali-t.com\/\",\"name\":\"S\u00e9curit\u00e9 Investigation Quali-T\",\"description\":\"\",\"publisher\":{\"@id\":\"https:\/\/filaturequali-t.com\/#organization\"},\"potentialAction\":[{\"@type\":\"SearchAction\",\"target\":{\"@type\":\"EntryPoint\",\"urlTemplate\":\"https:\/\/filaturequali-t.com\/?s={search_term_string}\"},\"query-input\":{\"@type\":\"PropertyValueSpecification\",\"valueRequired\":true,\"valueName\":\"search_term_string\"}}],\"inLanguage\":\"en-US\"},{\"@type\":\"Organization\",\"@id\":\"https:\/\/filaturequali-t.com\/#organization\",\"name\":\"Filature QualiT\",\"url\":\"https:\/\/filaturequali-t.com\/\",\"logo\":{\"@type\":\"ImageObject\",\"inLanguage\":\"en-US\",\"@id\":\"https:\/\/filaturequali-t.com\/#\/schema\/logo\/image\/\",\"url\":\"https:\/\/filaturequali-t.com\/wp-content\/uploads\/2018\/10\/logo-transparent.png\",\"contentUrl\":\"https:\/\/filaturequali-t.com\/wp-content\/uploads\/2018\/10\/logo-transparent.png\",\"width\":250,\"height\":250,\"caption\":\"Filature QualiT\"},\"image\":{\"@id\":\"https:\/\/filaturequali-t.com\/#\/schema\/logo\/image\/\"}}]}<\/script>\n<!-- \/ Yoast SEO Premium plugin. -->","yoast_head_json":{"title":"Home - S\u00e9curit\u00e9 Investigation Quali-T","robots":{"index":"index","follow":"follow","max-snippet":"max-snippet:-1","max-image-preview":"max-image-preview:large","max-video-preview":"max-video-preview:-1"},"canonical":"https:\/\/filaturequali-t.com\/en\/","og_locale":"en_US","og_type":"article","og_title":"Home","og_description":"[vc_row fullwidth=&#8221;true&#8221; padding=&#8221;0&#8243;][vc_column][mk_layerslider id=&#8221;13&#8243;][\/vc_column][\/vc_row][vc_row][vc_column][mk_fancy_title color=&#8221;#222222&#8243; size=&#8221;28&#8243; txt_transform=&#8221;capitalize&#8221; letter_spacing=&#8221;1&#8243; margin_top=&#8221;80&#8243; font_family=&#8221;none&#8221; align=&#8221;center&#8221; width=&#8221;1\/1&#8243; el_position=&#8221;first last&#8221;]YOUR PROFESSIONAL IN SECURITY, SURVEILLANCE AND INVESTIGATION SERVICES.[\/mk_fancy_title][mk_fancy_title color=&#8221;#808080&#8243; size=&#8221;16&#8243; txt_transform=&#8221;capitalize&#8221; margin_bottom=&#8221;18&#8243; font_family=&#8221;none&#8221; align=&#8221;center&#8221; width=&#8221;1\/1&#8243; el_position=&#8221;first last&#8221;]S\u00c9CURIT\u00c9 INVESTIGATIONS QUALI-T\u00a0offers you security, surveillance and investigation services.[\/mk_fancy_title][\/vc_column][\/vc_row][vc_row][vc_column][mk_image src=&#8221;https:\/\/filaturequali-t.com\/wp-content\/uploads\/2023\/10\/s_logo-en.jpeg&#8221; image_size=&#8221;medium&#8221; align=&#8221;center&#8221;][mk_fancy_title color=&#8221;#808080&#8243; size=&#8221;16&#8243; txt_transform=&#8221;capitalize&#8221; margin_bottom=&#8221;18&#8243; font_family=&#8221;none&#8221; align=&#8221;center&#8221; width=&#8221;1\/1&#8243; el_position=&#8221;first last&#8221;]QUALI-T &#8211; Your reliable partner in [&hellip;]","og_url":"https:\/\/filaturequali-t.com\/en\/","og_site_name":"S\u00e9curit\u00e9 Investigation Quali-T","article_modified_time":"2023-10-20T10:20:45+00:00","twitter_card":"summary_large_image","twitter_misc":{"Est. reading time":"4 minutes"},"schema":{"@context":"https:\/\/schema.org","@graph":[{"@type":"WebPage","@id":"https:\/\/filaturequali-t.com\/en\/","url":"https:\/\/filaturequali-t.com\/en\/","name":"Home - S\u00e9curit\u00e9 Investigation Quali-T","isPartOf":{"@id":"https:\/\/filaturequali-t.com\/#website"},"datePublished":"2014-09-02T07:06:19+00:00","dateModified":"2023-10-20T10:20:45+00:00","breadcrumb":{"@id":"https:\/\/filaturequali-t.com\/en\/#breadcrumb"},"inLanguage":"en-US","potentialAction":[{"@type":"ReadAction","target":["https:\/\/filaturequali-t.com\/en\/"]}]},{"@type":"BreadcrumbList","@id":"https:\/\/filaturequali-t.com\/en\/#breadcrumb","itemListElement":[{"@type":"ListItem","position":1,"name":"Home","item":"https:\/\/filaturequali-t.com\/en\/"},{"@type":"ListItem","position":2,"name":"Home"}]},{"@type":"WebSite","@id":"https:\/\/filaturequali-t.com\/#website","url":"https:\/\/filaturequali-t.com\/","name":"S\u00e9curit\u00e9 Investigation Quali-T","description":"","publisher":{"@id":"https:\/\/filaturequali-t.com\/#organization"},"potentialAction":[{"@type":"SearchAction","target":{"@type":"EntryPoint","urlTemplate":"https:\/\/filaturequali-t.com\/?s={search_term_string}"},"query-input":{"@type":"PropertyValueSpecification","valueRequired":true,"valueName":"search_term_string"}}],"inLanguage":"en-US"},{"@type":"Organization","@id":"https:\/\/filaturequali-t.com\/#organization","name":"Filature QualiT","url":"https:\/\/filaturequali-t.com\/","logo":{"@type":"ImageObject","inLanguage":"en-US","@id":"https:\/\/filaturequali-t.com\/#\/schema\/logo\/image\/","url":"https:\/\/filaturequali-t.com\/wp-content\/uploads\/2018\/10\/logo-transparent.png","contentUrl":"https:\/\/filaturequali-t.com\/wp-content\/uploads\/2018\/10\/logo-transparent.png","width":250,"height":250,"caption":"Filature QualiT"},"image":{"@id":"https:\/\/filaturequali-t.com\/#\/schema\/logo\/image\/"}}]}},"_links":{"self":[{"href":"https:\/\/filaturequali-t.com\/en\/wp-json\/wp\/v2\/pages\/4910","targetHints":{"allow":["GET"]}}],"collection":[{"href":"https:\/\/filaturequali-t.com\/en\/wp-json\/wp\/v2\/pages"}],"about":[{"href":"https:\/\/filaturequali-t.com\/en\/wp-json\/wp\/v2\/types\/page"}],"author":[{"embeddable":true,"href":"https:\/\/filaturequali-t.com\/en\/wp-json\/wp\/v2\/users\/1"}],"replies":[{"embeddable":true,"href":"https:\/\/filaturequali-t.com\/en\/wp-json\/wp\/v2\/comments?post=4910"}],"version-history":[{"count":13,"href":"https:\/\/filaturequali-t.com\/en\/wp-json\/wp\/v2\/pages\/4910\/revisions"}],"predecessor-version":[{"id":25887,"href":"https:\/\/filaturequali-t.com\/en\/wp-json\/wp\/v2\/pages\/4910\/revisions\/25887"}],"wp:attachment":[{"href":"https:\/\/filaturequali-t.com\/en\/wp-json\/wp\/v2\/media?parent=4910"}],"curies":[{"name":"wp","href":"https:\/\/api.w.org\/{rel}","templated":true}]}}