{"id":14563,"date":"2018-12-12T09:01:04","date_gmt":"2018-12-12T14:01:04","guid":{"rendered":"https:\/\/filaturequali-t.com\/?page_id=14563"},"modified":"2018-12-12T09:01:05","modified_gmt":"2018-12-12T14:01:05","slug":"private-detective-services-in-montreal","status":"publish","type":"page","link":"https:\/\/filaturequali-t.com\/en\/private-detective-services-in-montreal\/","title":{"rendered":"PRIVATE DETECTIVE SERVICES IN MONTREAL"},"content":{"rendered":"<div class=\"wpb-content-wrapper\">[vc_row fullwidth=&#8221;true&#8221;][vc_column][mk_page_title_box page_title=&#8221;PRIVATE DETECTIVE SERVICES&#8221; bg_image=&#8221;https:\/\/filaturequali-t.com\/wp-content\/uploads\/2018\/11\/services-de-detectives-prives-a-montreal.jpg&#8221; bg_position=&#8221;center center&#8221; bg_stretch=&#8221;true&#8221; bg_effects=&#8221;parallax&#8221; font_color=&#8221;#ffffff&#8221; sub_font_weight=&#8221;500&#8243;][mk_divider style=&#8221;padding_space&#8221;][\/vc_column][\/vc_row][vc_row][vc_column][mk_fancy_title size=&#8221;24&#8243; font_family=&#8221;none&#8221;]PRIVATE DETECTIVE SERVICES IN MONTREAL[\/mk_fancy_title][vc_column_text css=&#8221;.vc_custom_1541431969296{margin-bottom: 0px !important;}&#8221;]<strong>La compagnie S\u00e9curit\u00e9 Investigations Quali-T vous propose des services de d\u00e9tectives priv\u00e9s adapt\u00e9s \u00e0 tous types de besoins.<\/strong><\/p>\n<p>Nos agents sont disponibles pour mener des enqu\u00eates partout au Qu\u00e9bec, dans des villes comme Montr\u00e9al, Qu\u00e9bec, Brossard, Longueuil&#8230;[\/vc_column_text][mk_divider style=&#8221;thin_solid&#8221;][vc_column_text css=&#8221;.vc_custom_1541432223028{margin-bottom: 0px !important;}&#8221;]\n<h4>Des solutions pour chaque situation<\/h4>\n<p>N\u2019h\u00e9sitez pas \u00e0 solliciter les services de nos d\u00e9tectives priv\u00e9s pour mener des investigations ou diverses recherches afin d\u2019appuyer un dossier.<\/p>\n<p>Forts d\u2019une multitude de comp\u00e9tences dans la r\u00e9alisation de diverses enqu\u00eates, nos\u00a0agents de s\u00e9curit\u00e9\u00a0effectuent \u00e9galement des missions de surveillance. Vous pouvez \u00e9galement compter sur notre expertise pour r\u00e9aliser une filature.<\/p>\n<p>Quels que soient vos besoins, b\u00e9n\u00e9ficiez des services sur mesure propos\u00e9s par nos d\u00e9tectives priv\u00e9s. Notre \u00e9quipe d\u2019agents hautement qualifi\u00e9s s\u2019engage \u00e0 vous servir en toute discr\u00e9tion et avec un grand sens de la confidentialit\u00e9.[\/vc_column_text][mk_title_box font_family=&#8221;none&#8221; align=&#8221;center&#8221;]CONFIEZ VOS INVESTIGATIONS \u00c0 NOTRE \u00c9QUIPE DE D\u00c9TECTIVES PRIV\u00c9S FORTEMENT EXP\u00c9RIMENT\u00c9S[\/mk_title_box][mk_divider style=&#8221;thin_solid&#8221;][\/vc_column][\/vc_row][vc_row][vc_column][vc_column_text css=&#8221;.vc_custom_1541432338461{margin-bottom: 0px !important;}&#8221;]\n<h4>Un haut niveau d\u2019expertise<\/h4>\n<p><strong>Depuis presque 20 ans, les comp\u00e9tences de nos d\u00e9tectives priv\u00e9s nous ont permis de r\u00e9soudre plusieurs dossiers de vols d\u2019harc\u00e8lement, de fraude, etc.<\/strong><\/p>\n<p>Nos enqu\u00eateurs disposent \u00e9galement d\u2019une expertise pointue dans le traitement des fraudes informatiques. Quelle que soit votre demande, nous vous proposons un accompagnement adapt\u00e9 et un suivi \u00e0 la hauteur de vos exigences.<\/p>\n<p>Notre pr\u00e9occupation premi\u00e8re est de vous r\u00e9diger un rapport fiable et d\u00e9tailler vous permettant d\u2019appuyer suffisamment un dossier. Toutes les missions que vous nous confiez seront r\u00e9alis\u00e9es dans le respect des lois et r\u00e8glements en vigueur.[\/vc_column_text][mk_title_box font_family=&#8221;none&#8221; align=&#8221;center&#8221;]NOS D\u00c9TECTIVES ET ENQU\u00caTEURS PRIV\u00c9S RESTENT \u00c0 VOTRE ENTI\u00c8RE DISPOSITION[\/mk_title_box][mk_divider style=&#8221;thin_solid&#8221;][\/vc_column][\/vc_row][vc_row][vc_column][mk_title_box][\/mk_title_box][mk_mini_callout button_text=&#8221;CONTACTEZ-NOUS D\u00c8S AUJOURD&#8217;HUI POUR UNE \u00c9VALUATION SANS FRAIS&#8221; button_url=&#8221;https:\/\/filaturequali-t.com\/fr\/nous-joindre\/&#8221;]\n<h2>N\u2019h\u00e9sitez pas \u00e0 recourir \u00e0 nos services de d\u00e9tectives priv\u00e9s pour\u00a0:<\/h2>\n<ul>\n<li>La recherche de renseignements et d\u2019informations<\/li>\n<li>Les investigations humaines et mat\u00e9rielles<\/li>\n<li>La r\u00e9alisation de diverses enqu\u00eates<\/li>\n<\/ul>\n[\/mk_mini_callout][mk_divider style=&#8221;thin_solid&#8221;][\/vc_column][\/vc_row]\n<\/div>","protected":false},"excerpt":{"rendered":"<p>[vc_row fullwidth=&#8221;true&#8221;][vc_column][mk_page_title_box page_title=&#8221;PRIVATE DETECTIVE SERVICES&#8221; bg_image=&#8221;https:\/\/filaturequali-t.com\/wp-content\/uploads\/2018\/11\/services-de-detectives-prives-a-montreal.jpg&#8221; bg_position=&#8221;center center&#8221; bg_stretch=&#8221;true&#8221; bg_effects=&#8221;parallax&#8221; font_color=&#8221;#ffffff&#8221; sub_font_weight=&#8221;500&#8243;][mk_divider style=&#8221;padding_space&#8221;][\/vc_column][\/vc_row][vc_row][vc_column][mk_fancy_title size=&#8221;24&#8243; font_family=&#8221;none&#8221;]PRIVATE DETECTIVE SERVICES IN MONTREAL[\/mk_fancy_title][vc_column_text css=&#8221;.vc_custom_1541431969296{margin-bottom: 0px !important;}&#8221;]La compagnie S\u00e9curit\u00e9 Investigations Quali-T vous propose des services de d\u00e9tectives priv\u00e9s adapt\u00e9s \u00e0 tous types de besoins. Nos agents sont disponibles pour mener des enqu\u00eates partout au Qu\u00e9bec, dans des villes comme Montr\u00e9al, [&hellip;]<\/p>\n","protected":false},"author":1,"featured_media":0,"parent":0,"menu_order":0,"comment_status":"closed","ping_status":"closed","template":"","meta":{"footnotes":""},"class_list":["post-14563","page","type-page","status-publish","hentry"],"yoast_head":"<!-- This site is optimized with the Yoast SEO Premium plugin v26.8 (Yoast SEO v26.8) - https:\/\/yoast.com\/product\/yoast-seo-premium-wordpress\/ -->\n<title>PRIVATE DETECTIVE SERVICES IN MONTREAL - S\u00e9curit\u00e9 Investigation Quali-T<\/title>\n<meta name=\"robots\" content=\"index, follow, max-snippet:-1, max-image-preview:large, max-video-preview:-1\" \/>\n<link rel=\"canonical\" href=\"https:\/\/filaturequali-t.com\/en\/private-detective-services-in-montreal\/\" \/>\n<meta property=\"og:locale\" content=\"en_US\" \/>\n<meta property=\"og:type\" content=\"article\" \/>\n<meta property=\"og:title\" content=\"PRIVATE DETECTIVE SERVICES IN MONTREAL\" \/>\n<meta property=\"og:description\" content=\"[vc_row fullwidth=&#8221;true&#8221;][vc_column][mk_page_title_box page_title=&#8221;PRIVATE DETECTIVE SERVICES&#8221; bg_image=&#8221;https:\/\/filaturequali-t.com\/wp-content\/uploads\/2018\/11\/services-de-detectives-prives-a-montreal.jpg&#8221; bg_position=&#8221;center center&#8221; bg_stretch=&#8221;true&#8221; bg_effects=&#8221;parallax&#8221; font_color=&#8221;#ffffff&#8221; sub_font_weight=&#8221;500&#8243;][mk_divider style=&#8221;padding_space&#8221;][\/vc_column][\/vc_row][vc_row][vc_column][mk_fancy_title size=&#8221;24&#8243; font_family=&#8221;none&#8221;]PRIVATE DETECTIVE SERVICES IN MONTREAL[\/mk_fancy_title][vc_column_text css=&#8221;.vc_custom_1541431969296{margin-bottom: 0px !important;}&#8221;]La compagnie S\u00e9curit\u00e9 Investigations Quali-T vous propose des services de d\u00e9tectives priv\u00e9s adapt\u00e9s \u00e0 tous types de besoins. Nos agents sont disponibles pour mener des enqu\u00eates partout au Qu\u00e9bec, dans des villes comme Montr\u00e9al, [&hellip;]\" \/>\n<meta property=\"og:url\" content=\"https:\/\/filaturequali-t.com\/en\/private-detective-services-in-montreal\/\" \/>\n<meta property=\"og:site_name\" content=\"S\u00e9curit\u00e9 Investigation Quali-T\" \/>\n<meta property=\"article:modified_time\" content=\"2018-12-12T14:01:05+00:00\" \/>\n<meta name=\"twitter:card\" content=\"summary_large_image\" \/>\n<meta name=\"twitter:label1\" content=\"Est. reading time\" \/>\n\t<meta name=\"twitter:data1\" content=\"3 minutes\" \/>\n<script type=\"application\/ld+json\" class=\"yoast-schema-graph\">{\"@context\":\"https:\/\/schema.org\",\"@graph\":[{\"@type\":\"WebPage\",\"@id\":\"https:\/\/filaturequali-t.com\/en\/private-detective-services-in-montreal\/\",\"url\":\"https:\/\/filaturequali-t.com\/en\/private-detective-services-in-montreal\/\",\"name\":\"PRIVATE DETECTIVE SERVICES IN MONTREAL - S\u00e9curit\u00e9 Investigation Quali-T\",\"isPartOf\":{\"@id\":\"https:\/\/filaturequali-t.com\/#website\"},\"datePublished\":\"2018-12-12T14:01:04+00:00\",\"dateModified\":\"2018-12-12T14:01:05+00:00\",\"breadcrumb\":{\"@id\":\"https:\/\/filaturequali-t.com\/en\/private-detective-services-in-montreal\/#breadcrumb\"},\"inLanguage\":\"en-US\",\"potentialAction\":[{\"@type\":\"ReadAction\",\"target\":[\"https:\/\/filaturequali-t.com\/en\/private-detective-services-in-montreal\/\"]}]},{\"@type\":\"BreadcrumbList\",\"@id\":\"https:\/\/filaturequali-t.com\/en\/private-detective-services-in-montreal\/#breadcrumb\",\"itemListElement\":[{\"@type\":\"ListItem\",\"position\":1,\"name\":\"Home\",\"item\":\"https:\/\/filaturequali-t.com\/en\/\"},{\"@type\":\"ListItem\",\"position\":2,\"name\":\"PRIVATE DETECTIVE SERVICES IN MONTREAL\"}]},{\"@type\":\"WebSite\",\"@id\":\"https:\/\/filaturequali-t.com\/#website\",\"url\":\"https:\/\/filaturequali-t.com\/\",\"name\":\"S\u00e9curit\u00e9 Investigation Quali-T\",\"description\":\"\",\"publisher\":{\"@id\":\"https:\/\/filaturequali-t.com\/#organization\"},\"potentialAction\":[{\"@type\":\"SearchAction\",\"target\":{\"@type\":\"EntryPoint\",\"urlTemplate\":\"https:\/\/filaturequali-t.com\/?s={search_term_string}\"},\"query-input\":{\"@type\":\"PropertyValueSpecification\",\"valueRequired\":true,\"valueName\":\"search_term_string\"}}],\"inLanguage\":\"en-US\"},{\"@type\":\"Organization\",\"@id\":\"https:\/\/filaturequali-t.com\/#organization\",\"name\":\"Filature QualiT\",\"url\":\"https:\/\/filaturequali-t.com\/\",\"logo\":{\"@type\":\"ImageObject\",\"inLanguage\":\"en-US\",\"@id\":\"https:\/\/filaturequali-t.com\/#\/schema\/logo\/image\/\",\"url\":\"https:\/\/filaturequali-t.com\/wp-content\/uploads\/2018\/10\/logo-transparent.png\",\"contentUrl\":\"https:\/\/filaturequali-t.com\/wp-content\/uploads\/2018\/10\/logo-transparent.png\",\"width\":250,\"height\":250,\"caption\":\"Filature QualiT\"},\"image\":{\"@id\":\"https:\/\/filaturequali-t.com\/#\/schema\/logo\/image\/\"}}]}<\/script>\n<!-- \/ Yoast SEO Premium plugin. -->","yoast_head_json":{"title":"PRIVATE DETECTIVE SERVICES IN MONTREAL - S\u00e9curit\u00e9 Investigation Quali-T","robots":{"index":"index","follow":"follow","max-snippet":"max-snippet:-1","max-image-preview":"max-image-preview:large","max-video-preview":"max-video-preview:-1"},"canonical":"https:\/\/filaturequali-t.com\/en\/private-detective-services-in-montreal\/","og_locale":"en_US","og_type":"article","og_title":"PRIVATE DETECTIVE SERVICES IN MONTREAL","og_description":"[vc_row fullwidth=&#8221;true&#8221;][vc_column][mk_page_title_box page_title=&#8221;PRIVATE DETECTIVE SERVICES&#8221; bg_image=&#8221;https:\/\/filaturequali-t.com\/wp-content\/uploads\/2018\/11\/services-de-detectives-prives-a-montreal.jpg&#8221; bg_position=&#8221;center center&#8221; bg_stretch=&#8221;true&#8221; bg_effects=&#8221;parallax&#8221; font_color=&#8221;#ffffff&#8221; sub_font_weight=&#8221;500&#8243;][mk_divider style=&#8221;padding_space&#8221;][\/vc_column][\/vc_row][vc_row][vc_column][mk_fancy_title size=&#8221;24&#8243; font_family=&#8221;none&#8221;]PRIVATE DETECTIVE SERVICES IN MONTREAL[\/mk_fancy_title][vc_column_text css=&#8221;.vc_custom_1541431969296{margin-bottom: 0px !important;}&#8221;]La compagnie S\u00e9curit\u00e9 Investigations Quali-T vous propose des services de d\u00e9tectives priv\u00e9s adapt\u00e9s \u00e0 tous types de besoins. Nos agents sont disponibles pour mener des enqu\u00eates partout au Qu\u00e9bec, dans des villes comme Montr\u00e9al, [&hellip;]","og_url":"https:\/\/filaturequali-t.com\/en\/private-detective-services-in-montreal\/","og_site_name":"S\u00e9curit\u00e9 Investigation Quali-T","article_modified_time":"2018-12-12T14:01:05+00:00","twitter_card":"summary_large_image","twitter_misc":{"Est. reading time":"3 minutes"},"schema":{"@context":"https:\/\/schema.org","@graph":[{"@type":"WebPage","@id":"https:\/\/filaturequali-t.com\/en\/private-detective-services-in-montreal\/","url":"https:\/\/filaturequali-t.com\/en\/private-detective-services-in-montreal\/","name":"PRIVATE DETECTIVE SERVICES IN MONTREAL - S\u00e9curit\u00e9 Investigation Quali-T","isPartOf":{"@id":"https:\/\/filaturequali-t.com\/#website"},"datePublished":"2018-12-12T14:01:04+00:00","dateModified":"2018-12-12T14:01:05+00:00","breadcrumb":{"@id":"https:\/\/filaturequali-t.com\/en\/private-detective-services-in-montreal\/#breadcrumb"},"inLanguage":"en-US","potentialAction":[{"@type":"ReadAction","target":["https:\/\/filaturequali-t.com\/en\/private-detective-services-in-montreal\/"]}]},{"@type":"BreadcrumbList","@id":"https:\/\/filaturequali-t.com\/en\/private-detective-services-in-montreal\/#breadcrumb","itemListElement":[{"@type":"ListItem","position":1,"name":"Home","item":"https:\/\/filaturequali-t.com\/en\/"},{"@type":"ListItem","position":2,"name":"PRIVATE DETECTIVE SERVICES IN MONTREAL"}]},{"@type":"WebSite","@id":"https:\/\/filaturequali-t.com\/#website","url":"https:\/\/filaturequali-t.com\/","name":"S\u00e9curit\u00e9 Investigation Quali-T","description":"","publisher":{"@id":"https:\/\/filaturequali-t.com\/#organization"},"potentialAction":[{"@type":"SearchAction","target":{"@type":"EntryPoint","urlTemplate":"https:\/\/filaturequali-t.com\/?s={search_term_string}"},"query-input":{"@type":"PropertyValueSpecification","valueRequired":true,"valueName":"search_term_string"}}],"inLanguage":"en-US"},{"@type":"Organization","@id":"https:\/\/filaturequali-t.com\/#organization","name":"Filature QualiT","url":"https:\/\/filaturequali-t.com\/","logo":{"@type":"ImageObject","inLanguage":"en-US","@id":"https:\/\/filaturequali-t.com\/#\/schema\/logo\/image\/","url":"https:\/\/filaturequali-t.com\/wp-content\/uploads\/2018\/10\/logo-transparent.png","contentUrl":"https:\/\/filaturequali-t.com\/wp-content\/uploads\/2018\/10\/logo-transparent.png","width":250,"height":250,"caption":"Filature QualiT"},"image":{"@id":"https:\/\/filaturequali-t.com\/#\/schema\/logo\/image\/"}}]}},"_links":{"self":[{"href":"https:\/\/filaturequali-t.com\/en\/wp-json\/wp\/v2\/pages\/14563","targetHints":{"allow":["GET"]}}],"collection":[{"href":"https:\/\/filaturequali-t.com\/en\/wp-json\/wp\/v2\/pages"}],"about":[{"href":"https:\/\/filaturequali-t.com\/en\/wp-json\/wp\/v2\/types\/page"}],"author":[{"embeddable":true,"href":"https:\/\/filaturequali-t.com\/en\/wp-json\/wp\/v2\/users\/1"}],"replies":[{"embeddable":true,"href":"https:\/\/filaturequali-t.com\/en\/wp-json\/wp\/v2\/comments?post=14563"}],"version-history":[{"count":2,"href":"https:\/\/filaturequali-t.com\/en\/wp-json\/wp\/v2\/pages\/14563\/revisions"}],"predecessor-version":[{"id":14565,"href":"https:\/\/filaturequali-t.com\/en\/wp-json\/wp\/v2\/pages\/14563\/revisions\/14565"}],"wp:attachment":[{"href":"https:\/\/filaturequali-t.com\/en\/wp-json\/wp\/v2\/media?parent=14563"}],"curies":[{"name":"wp","href":"https:\/\/api.w.org\/{rel}","templated":true}]}}