{"id":14552,"date":"2018-12-11T16:53:07","date_gmt":"2018-12-11T21:53:07","guid":{"rendered":"https:\/\/filaturequali-t.com\/?page_id=14552"},"modified":"2018-12-12T11:17:28","modified_gmt":"2018-12-12T16:17:28","slug":"securite-investigations-quali-t-our-partners","status":"publish","type":"page","link":"https:\/\/filaturequali-t.com\/en\/securite-investigations-quali-t\/securite-investigations-quali-t-our-partners\/","title":{"rendered":"S\u00c9CURIT\u00c9 INVESTIGATIONS QUALI-T &#8211; OUR PARTNERS"},"content":{"rendered":"<div class=\"wpb-content-wrapper\">[vc_row fullwidth=&#8221;true&#8221;][vc_column][mk_page_title_box page_title=&#8221;OUR PARTNERS&#8221; bg_image=&#8221;https:\/\/filaturequali-t.com\/wp-content\/uploads\/2018\/11\/nos-partenaires.jpg&#8221; bg_position=&#8221;center center&#8221; bg_stretch=&#8221;true&#8221; bg_effects=&#8221;parallax&#8221; font_color=&#8221;#ffffff&#8221; font_weight=&#8221;500&#8243;][mk_divider style=&#8221;padding_space&#8221;][\/vc_column][\/vc_row][vc_row][vc_column][mk_fancy_title tag_name=&#8221;h1&#8243; size=&#8221;24&#8243; font_family=&#8221;none&#8221;]\n<h3>OUR PARTNERS<\/h3>\n[\/mk_fancy_title][\/vc_column][\/vc_row][vc_row][vc_column width=&#8221;1\/3&#8243;][vc_single_image image=&#8221;14122&#8243; img_size=&#8221;medium&#8221; alignment=&#8221;center&#8221;][vc_column_text css=&#8221;.vc_custom_1540415309078{margin-bottom: 0px !important;}&#8221;]\n<p style=\"text-align: center;\"><a href=\"https:\/\/www.guard1.com\/\" target=\"_blank\" rel=\"noopener\">https:\/\/www.guard1.com\/<\/a><\/p>\n[\/vc_column_text][\/vc_column][vc_column width=&#8221;1\/3&#8243;][vc_single_image image=&#8221;14126&#8243; img_size=&#8221;medium&#8221; alignment=&#8221;center&#8221;][vc_column_text css=&#8221;.vc_custom_1540415294084{margin-bottom: 0px !important;}&#8221;]\n<p style=\"text-align: center;\"><a href=\"http:\/\/csvdc.qc.ca\/\" target=\"_blank\" rel=\"noopener\">http:\/\/csvdc.qc.ca\/<\/a><\/p>\n[\/vc_column_text][\/vc_column][vc_column width=&#8221;1\/3&#8243;][vc_single_image image=&#8221;14122&#8243; img_size=&#8221;medium&#8221; alignment=&#8221;center&#8221;][vc_column_text css=&#8221;.vc_custom_1540415327341{margin-bottom: 0px !important;}&#8221;]\n<p style=\"text-align: center;\"><a href=\"https:\/\/www.guard1.com\/\" target=\"_blank\" rel=\"noopener\">https:\/\/www.guard1.com\/<\/a><\/p>\n[\/vc_column_text][\/vc_column][\/vc_row][vc_row][vc_column][mk_divider style=&#8221;thin_solid&#8221;][mk_title_box font_family=&#8221;none&#8221; align=&#8221;center&#8221;]<em><strong>We now serve more than three hundred customers, the majority of which are repeat customers.<\/strong><\/em>[\/mk_title_box][\/vc_column][\/vc_row]\n<\/div>","protected":false},"excerpt":{"rendered":"<p>[vc_row fullwidth=&#8221;true&#8221;][vc_column][mk_page_title_box page_title=&#8221;OUR PARTNERS&#8221; bg_image=&#8221;https:\/\/filaturequali-t.com\/wp-content\/uploads\/2018\/11\/nos-partenaires.jpg&#8221; bg_position=&#8221;center center&#8221; bg_stretch=&#8221;true&#8221; bg_effects=&#8221;parallax&#8221; font_color=&#8221;#ffffff&#8221; font_weight=&#8221;500&#8243;][mk_divider style=&#8221;padding_space&#8221;][\/vc_column][\/vc_row][vc_row][vc_column][mk_fancy_title tag_name=&#8221;h1&#8243; size=&#8221;24&#8243; font_family=&#8221;none&#8221;] OUR PARTNERS [\/mk_fancy_title][\/vc_column][\/vc_row][vc_row][vc_column width=&#8221;1\/3&#8243;][vc_single_image image=&#8221;14122&#8243; img_size=&#8221;medium&#8221; alignment=&#8221;center&#8221;][vc_column_text css=&#8221;.vc_custom_1540415309078{margin-bottom: 0px !important;}&#8221;] https:\/\/www.guard1.com\/ [\/vc_column_text][\/vc_column][vc_column width=&#8221;1\/3&#8243;][vc_single_image image=&#8221;14126&#8243; img_size=&#8221;medium&#8221; alignment=&#8221;center&#8221;][vc_column_text css=&#8221;.vc_custom_1540415294084{margin-bottom: 0px !important;}&#8221;] http:\/\/csvdc.qc.ca\/ [\/vc_column_text][\/vc_column][vc_column width=&#8221;1\/3&#8243;][vc_single_image image=&#8221;14122&#8243; img_size=&#8221;medium&#8221; alignment=&#8221;center&#8221;][vc_column_text css=&#8221;.vc_custom_1540415327341{margin-bottom: 0px !important;}&#8221;] https:\/\/www.guard1.com\/ [\/vc_column_text][\/vc_column][\/vc_row][vc_row][vc_column][mk_divider style=&#8221;thin_solid&#8221;][mk_title_box font_family=&#8221;none&#8221; align=&#8221;center&#8221;]We now serve more than three hundred customers, [&hellip;]<\/p>\n","protected":false},"author":1,"featured_media":0,"parent":14095,"menu_order":0,"comment_status":"closed","ping_status":"closed","template":"","meta":{"footnotes":""},"class_list":["post-14552","page","type-page","status-publish","hentry"],"yoast_head":"<!-- This site is optimized with the Yoast SEO Premium plugin v26.8 (Yoast SEO v26.8) - https:\/\/yoast.com\/product\/yoast-seo-premium-wordpress\/ -->\n<title>S\u00c9CURIT\u00c9 INVESTIGATIONS QUALI-T - OUR PARTNERS - S\u00e9curit\u00e9 Investigation Quali-T<\/title>\n<meta name=\"robots\" content=\"index, follow, max-snippet:-1, max-image-preview:large, max-video-preview:-1\" \/>\n<link rel=\"canonical\" href=\"https:\/\/filaturequali-t.com\/en\/securite-investigations-quali-t\/securite-investigations-quali-t-our-partners\/\" \/>\n<meta property=\"og:locale\" content=\"en_US\" \/>\n<meta property=\"og:type\" content=\"article\" \/>\n<meta property=\"og:title\" content=\"S\u00c9CURIT\u00c9 INVESTIGATIONS QUALI-T - OUR PARTNERS\" \/>\n<meta property=\"og:description\" content=\"[vc_row fullwidth=&#8221;true&#8221;][vc_column][mk_page_title_box page_title=&#8221;OUR PARTNERS&#8221; bg_image=&#8221;https:\/\/filaturequali-t.com\/wp-content\/uploads\/2018\/11\/nos-partenaires.jpg&#8221; bg_position=&#8221;center center&#8221; bg_stretch=&#8221;true&#8221; bg_effects=&#8221;parallax&#8221; font_color=&#8221;#ffffff&#8221; font_weight=&#8221;500&#8243;][mk_divider style=&#8221;padding_space&#8221;][\/vc_column][\/vc_row][vc_row][vc_column][mk_fancy_title tag_name=&#8221;h1&#8243; size=&#8221;24&#8243; font_family=&#8221;none&#8221;] OUR PARTNERS [\/mk_fancy_title][\/vc_column][\/vc_row][vc_row][vc_column width=&#8221;1\/3&#8243;][vc_single_image image=&#8221;14122&#8243; img_size=&#8221;medium&#8221; alignment=&#8221;center&#8221;][vc_column_text css=&#8221;.vc_custom_1540415309078{margin-bottom: 0px !important;}&#8221;] https:\/\/www.guard1.com\/ [\/vc_column_text][\/vc_column][vc_column width=&#8221;1\/3&#8243;][vc_single_image image=&#8221;14126&#8243; img_size=&#8221;medium&#8221; alignment=&#8221;center&#8221;][vc_column_text css=&#8221;.vc_custom_1540415294084{margin-bottom: 0px !important;}&#8221;] http:\/\/csvdc.qc.ca\/ [\/vc_column_text][\/vc_column][vc_column width=&#8221;1\/3&#8243;][vc_single_image image=&#8221;14122&#8243; img_size=&#8221;medium&#8221; alignment=&#8221;center&#8221;][vc_column_text css=&#8221;.vc_custom_1540415327341{margin-bottom: 0px !important;}&#8221;] https:\/\/www.guard1.com\/ [\/vc_column_text][\/vc_column][\/vc_row][vc_row][vc_column][mk_divider style=&#8221;thin_solid&#8221;][mk_title_box font_family=&#8221;none&#8221; align=&#8221;center&#8221;]We now serve more than three hundred customers, [&hellip;]\" \/>\n<meta property=\"og:url\" content=\"https:\/\/filaturequali-t.com\/en\/securite-investigations-quali-t\/securite-investigations-quali-t-our-partners\/\" \/>\n<meta property=\"og:site_name\" content=\"S\u00e9curit\u00e9 Investigation Quali-T\" \/>\n<meta property=\"article:modified_time\" content=\"2018-12-12T16:17:28+00:00\" \/>\n<meta name=\"twitter:card\" content=\"summary_large_image\" \/>\n<meta name=\"twitter:label1\" content=\"Est. reading time\" \/>\n\t<meta name=\"twitter:data1\" content=\"1 minute\" \/>\n<script type=\"application\/ld+json\" class=\"yoast-schema-graph\">{\"@context\":\"https:\/\/schema.org\",\"@graph\":[{\"@type\":\"WebPage\",\"@id\":\"https:\/\/filaturequali-t.com\/en\/securite-investigations-quali-t\/securite-investigations-quali-t-our-partners\/\",\"url\":\"https:\/\/filaturequali-t.com\/en\/securite-investigations-quali-t\/securite-investigations-quali-t-our-partners\/\",\"name\":\"S\u00c9CURIT\u00c9 INVESTIGATIONS QUALI-T - OUR PARTNERS - S\u00e9curit\u00e9 Investigation Quali-T\",\"isPartOf\":{\"@id\":\"https:\/\/filaturequali-t.com\/#website\"},\"datePublished\":\"2018-12-11T21:53:07+00:00\",\"dateModified\":\"2018-12-12T16:17:28+00:00\",\"breadcrumb\":{\"@id\":\"https:\/\/filaturequali-t.com\/en\/securite-investigations-quali-t\/securite-investigations-quali-t-our-partners\/#breadcrumb\"},\"inLanguage\":\"en-US\",\"potentialAction\":[{\"@type\":\"ReadAction\",\"target\":[\"https:\/\/filaturequali-t.com\/en\/securite-investigations-quali-t\/securite-investigations-quali-t-our-partners\/\"]}]},{\"@type\":\"BreadcrumbList\",\"@id\":\"https:\/\/filaturequali-t.com\/en\/securite-investigations-quali-t\/securite-investigations-quali-t-our-partners\/#breadcrumb\",\"itemListElement\":[{\"@type\":\"ListItem\",\"position\":1,\"name\":\"Home\",\"item\":\"https:\/\/filaturequali-t.com\/en\/\"},{\"@type\":\"ListItem\",\"position\":2,\"name\":\"S\u00e9curit\u00e9 Investigations Quali-T\",\"item\":\"https:\/\/filaturequali-t.com\/en\/securite-investigations-quali-t\/\"},{\"@type\":\"ListItem\",\"position\":3,\"name\":\"S\u00c9CURIT\u00c9 INVESTIGATIONS QUALI-T &#8211; OUR PARTNERS\"}]},{\"@type\":\"WebSite\",\"@id\":\"https:\/\/filaturequali-t.com\/#website\",\"url\":\"https:\/\/filaturequali-t.com\/\",\"name\":\"S\u00e9curit\u00e9 Investigation Quali-T\",\"description\":\"\",\"publisher\":{\"@id\":\"https:\/\/filaturequali-t.com\/#organization\"},\"potentialAction\":[{\"@type\":\"SearchAction\",\"target\":{\"@type\":\"EntryPoint\",\"urlTemplate\":\"https:\/\/filaturequali-t.com\/?s={search_term_string}\"},\"query-input\":{\"@type\":\"PropertyValueSpecification\",\"valueRequired\":true,\"valueName\":\"search_term_string\"}}],\"inLanguage\":\"en-US\"},{\"@type\":\"Organization\",\"@id\":\"https:\/\/filaturequali-t.com\/#organization\",\"name\":\"Filature QualiT\",\"url\":\"https:\/\/filaturequali-t.com\/\",\"logo\":{\"@type\":\"ImageObject\",\"inLanguage\":\"en-US\",\"@id\":\"https:\/\/filaturequali-t.com\/#\/schema\/logo\/image\/\",\"url\":\"https:\/\/filaturequali-t.com\/wp-content\/uploads\/2018\/10\/logo-transparent.png\",\"contentUrl\":\"https:\/\/filaturequali-t.com\/wp-content\/uploads\/2018\/10\/logo-transparent.png\",\"width\":250,\"height\":250,\"caption\":\"Filature QualiT\"},\"image\":{\"@id\":\"https:\/\/filaturequali-t.com\/#\/schema\/logo\/image\/\"}}]}<\/script>\n<!-- \/ Yoast SEO Premium plugin. -->","yoast_head_json":{"title":"S\u00c9CURIT\u00c9 INVESTIGATIONS QUALI-T - OUR PARTNERS - S\u00e9curit\u00e9 Investigation Quali-T","robots":{"index":"index","follow":"follow","max-snippet":"max-snippet:-1","max-image-preview":"max-image-preview:large","max-video-preview":"max-video-preview:-1"},"canonical":"https:\/\/filaturequali-t.com\/en\/securite-investigations-quali-t\/securite-investigations-quali-t-our-partners\/","og_locale":"en_US","og_type":"article","og_title":"S\u00c9CURIT\u00c9 INVESTIGATIONS QUALI-T - OUR PARTNERS","og_description":"[vc_row fullwidth=&#8221;true&#8221;][vc_column][mk_page_title_box page_title=&#8221;OUR PARTNERS&#8221; bg_image=&#8221;https:\/\/filaturequali-t.com\/wp-content\/uploads\/2018\/11\/nos-partenaires.jpg&#8221; bg_position=&#8221;center center&#8221; bg_stretch=&#8221;true&#8221; bg_effects=&#8221;parallax&#8221; font_color=&#8221;#ffffff&#8221; font_weight=&#8221;500&#8243;][mk_divider style=&#8221;padding_space&#8221;][\/vc_column][\/vc_row][vc_row][vc_column][mk_fancy_title tag_name=&#8221;h1&#8243; size=&#8221;24&#8243; font_family=&#8221;none&#8221;] OUR PARTNERS [\/mk_fancy_title][\/vc_column][\/vc_row][vc_row][vc_column width=&#8221;1\/3&#8243;][vc_single_image image=&#8221;14122&#8243; img_size=&#8221;medium&#8221; alignment=&#8221;center&#8221;][vc_column_text css=&#8221;.vc_custom_1540415309078{margin-bottom: 0px !important;}&#8221;] https:\/\/www.guard1.com\/ [\/vc_column_text][\/vc_column][vc_column width=&#8221;1\/3&#8243;][vc_single_image image=&#8221;14126&#8243; img_size=&#8221;medium&#8221; alignment=&#8221;center&#8221;][vc_column_text css=&#8221;.vc_custom_1540415294084{margin-bottom: 0px !important;}&#8221;] http:\/\/csvdc.qc.ca\/ [\/vc_column_text][\/vc_column][vc_column width=&#8221;1\/3&#8243;][vc_single_image image=&#8221;14122&#8243; img_size=&#8221;medium&#8221; alignment=&#8221;center&#8221;][vc_column_text css=&#8221;.vc_custom_1540415327341{margin-bottom: 0px !important;}&#8221;] https:\/\/www.guard1.com\/ [\/vc_column_text][\/vc_column][\/vc_row][vc_row][vc_column][mk_divider style=&#8221;thin_solid&#8221;][mk_title_box font_family=&#8221;none&#8221; align=&#8221;center&#8221;]We now serve more than three hundred customers, [&hellip;]","og_url":"https:\/\/filaturequali-t.com\/en\/securite-investigations-quali-t\/securite-investigations-quali-t-our-partners\/","og_site_name":"S\u00e9curit\u00e9 Investigation Quali-T","article_modified_time":"2018-12-12T16:17:28+00:00","twitter_card":"summary_large_image","twitter_misc":{"Est. reading time":"1 minute"},"schema":{"@context":"https:\/\/schema.org","@graph":[{"@type":"WebPage","@id":"https:\/\/filaturequali-t.com\/en\/securite-investigations-quali-t\/securite-investigations-quali-t-our-partners\/","url":"https:\/\/filaturequali-t.com\/en\/securite-investigations-quali-t\/securite-investigations-quali-t-our-partners\/","name":"S\u00c9CURIT\u00c9 INVESTIGATIONS QUALI-T - OUR PARTNERS - S\u00e9curit\u00e9 Investigation Quali-T","isPartOf":{"@id":"https:\/\/filaturequali-t.com\/#website"},"datePublished":"2018-12-11T21:53:07+00:00","dateModified":"2018-12-12T16:17:28+00:00","breadcrumb":{"@id":"https:\/\/filaturequali-t.com\/en\/securite-investigations-quali-t\/securite-investigations-quali-t-our-partners\/#breadcrumb"},"inLanguage":"en-US","potentialAction":[{"@type":"ReadAction","target":["https:\/\/filaturequali-t.com\/en\/securite-investigations-quali-t\/securite-investigations-quali-t-our-partners\/"]}]},{"@type":"BreadcrumbList","@id":"https:\/\/filaturequali-t.com\/en\/securite-investigations-quali-t\/securite-investigations-quali-t-our-partners\/#breadcrumb","itemListElement":[{"@type":"ListItem","position":1,"name":"Home","item":"https:\/\/filaturequali-t.com\/en\/"},{"@type":"ListItem","position":2,"name":"S\u00e9curit\u00e9 Investigations Quali-T","item":"https:\/\/filaturequali-t.com\/en\/securite-investigations-quali-t\/"},{"@type":"ListItem","position":3,"name":"S\u00c9CURIT\u00c9 INVESTIGATIONS QUALI-T &#8211; OUR PARTNERS"}]},{"@type":"WebSite","@id":"https:\/\/filaturequali-t.com\/#website","url":"https:\/\/filaturequali-t.com\/","name":"S\u00e9curit\u00e9 Investigation Quali-T","description":"","publisher":{"@id":"https:\/\/filaturequali-t.com\/#organization"},"potentialAction":[{"@type":"SearchAction","target":{"@type":"EntryPoint","urlTemplate":"https:\/\/filaturequali-t.com\/?s={search_term_string}"},"query-input":{"@type":"PropertyValueSpecification","valueRequired":true,"valueName":"search_term_string"}}],"inLanguage":"en-US"},{"@type":"Organization","@id":"https:\/\/filaturequali-t.com\/#organization","name":"Filature QualiT","url":"https:\/\/filaturequali-t.com\/","logo":{"@type":"ImageObject","inLanguage":"en-US","@id":"https:\/\/filaturequali-t.com\/#\/schema\/logo\/image\/","url":"https:\/\/filaturequali-t.com\/wp-content\/uploads\/2018\/10\/logo-transparent.png","contentUrl":"https:\/\/filaturequali-t.com\/wp-content\/uploads\/2018\/10\/logo-transparent.png","width":250,"height":250,"caption":"Filature QualiT"},"image":{"@id":"https:\/\/filaturequali-t.com\/#\/schema\/logo\/image\/"}}]}},"_links":{"self":[{"href":"https:\/\/filaturequali-t.com\/en\/wp-json\/wp\/v2\/pages\/14552","targetHints":{"allow":["GET"]}}],"collection":[{"href":"https:\/\/filaturequali-t.com\/en\/wp-json\/wp\/v2\/pages"}],"about":[{"href":"https:\/\/filaturequali-t.com\/en\/wp-json\/wp\/v2\/types\/page"}],"author":[{"embeddable":true,"href":"https:\/\/filaturequali-t.com\/en\/wp-json\/wp\/v2\/users\/1"}],"replies":[{"embeddable":true,"href":"https:\/\/filaturequali-t.com\/en\/wp-json\/wp\/v2\/comments?post=14552"}],"version-history":[{"count":5,"href":"https:\/\/filaturequali-t.com\/en\/wp-json\/wp\/v2\/pages\/14552\/revisions"}],"predecessor-version":[{"id":14556,"href":"https:\/\/filaturequali-t.com\/en\/wp-json\/wp\/v2\/pages\/14552\/revisions\/14556"}],"up":[{"embeddable":true,"href":"https:\/\/filaturequali-t.com\/en\/wp-json\/wp\/v2\/pages\/14095"}],"wp:attachment":[{"href":"https:\/\/filaturequali-t.com\/en\/wp-json\/wp\/v2\/media?parent=14552"}],"curies":[{"name":"wp","href":"https:\/\/api.w.org\/{rel}","templated":true}]}}