{"id":14541,"date":"2018-12-11T16:09:20","date_gmt":"2018-12-11T21:09:20","guid":{"rendered":"https:\/\/filaturequali-t.com\/?page_id=14541"},"modified":"2018-12-12T11:14:49","modified_gmt":"2018-12-12T16:14:49","slug":"the-advantages-of-securite-investigations-quali-t","status":"publish","type":"page","link":"https:\/\/filaturequali-t.com\/en\/securite-investigations-quali-t\/the-advantages-of-securite-investigations-quali-t\/","title":{"rendered":"The advantages of S\u00c9CURIT\u00c9 INVESTIGATIONS QUALI-T"},"content":{"rendered":"<div class=\"wpb-content-wrapper\">[vc_row fullwidth=&#8221;true&#8221;][vc_column][mk_page_title_box page_title=&#8221;OUR ADVANTAGES&#8221; bg_image=&#8221;https:\/\/filaturequali-t.com\/wp-content\/uploads\/2018\/11\/nos-avantages.jpg&#8221; bg_position=&#8221;center center&#8221; bg_stretch=&#8221;true&#8221; bg_effects=&#8221;parallax&#8221; font_color=&#8221;#ffffff&#8221; font_weight=&#8221;500&#8243;][mk_divider style=&#8221;padding_space&#8221;][\/vc_column][\/vc_row][vc_row][vc_column][mk_fancy_title size=&#8221;24&#8243; font_family=&#8221;none&#8221;]<strong>The multiple benefits of our services<\/strong>[\/mk_fancy_title][vc_column_text css=&#8221;.vc_custom_1544562493549{margin-bottom: 0px !important;}&#8221;]\n<div id=\"text_BLOCK_KEI2U4E5TJ\" class=\"block-text\">\n<p><strong>S\u00c9CURIT\u00c9 INVESTIGATIONS QUALI-T<\/strong>, differs from other agencies in its unconditional focus on quality and performance. This means:<\/p>\n<ul>\n<li>Efficiency and speed of execution<\/li>\n<li>Knowledgeable staff<\/li>\n<li>Professionalism<\/li>\n<li>Follow-up<\/li>\n<li>A true Relationship with the customer<\/li>\n<li>Quality control<\/li>\n<li>Customized services<\/li>\n<\/ul>\n<\/div>\n<div id=\"text_BLOCK_OVIZQVW238\" class=\"block-text\">\n<p><strong>Our supervisors ensure quality checks during each specific mandates to:<\/strong><\/p>\n<ul>\n<li>Ensure quality control<\/li>\n<li>Ensure team support<\/li>\n<li>Provide support in emergency situations<\/li>\n<li>Provide support and guidance for any unforeseen issues that may occur<\/li>\n<li>Provide innovative solutions and recommendations<\/li>\n<\/ul>\n<\/div>\n[\/vc_column_text][mk_padding_divider][mk_fancy_title size=&#8221;24&#8243; font_family=&#8221;none&#8221;]<strong>Security service<\/strong>[\/mk_fancy_title][vc_column_text css=&#8221;.vc_custom_1544562477488{margin-bottom: 0px !important;}&#8221;]\n<div id=\"col_COLUMN_BOGDWOS89N\" class=\"large-12 columns\">\n<div id=\"text_BLOCK_OVIZQVW238\" class=\"block-text\">\n<p>Our investigation and security services are distinguished by the numerous and diverse services offered to our loyal customers who have invested their trust in us for more than a decade.<\/p>\n<p>S\u00c9CURIT\u00c9 INVESTIGATIONS QUALI-T assures that any individual, corporation, industry, insurance company, or government agency requesting our services when a problem arises, will in all circumstances obtain a professional and competent service that will allow them to resolve the problem or concern.<\/p>\n<\/div>\n<\/div>\n[\/vc_column_text][\/vc_column][\/vc_row][vc_row][vc_column][mk_divider style=&#8221;thin_solid&#8221;][mk_title_box font_family=&#8221;none&#8221; align=&#8221;center&#8221;]YOU HAVE A PROBLEM, SECURITY QUALI-T INVESTIGATIONS IS YOUR SOLUTION.<\/p>\n<p><em><strong>We are proud to offer our services throughout the province of Qu\u00e9bec and elsewhere in Canada at any time.\u00a0<\/strong><\/em>[\/mk_title_box][\/vc_column][\/vc_row]\n<\/div>","protected":false},"excerpt":{"rendered":"<p>[vc_row fullwidth=&#8221;true&#8221;][vc_column][mk_page_title_box page_title=&#8221;OUR ADVANTAGES&#8221; bg_image=&#8221;https:\/\/filaturequali-t.com\/wp-content\/uploads\/2018\/11\/nos-avantages.jpg&#8221; bg_position=&#8221;center center&#8221; bg_stretch=&#8221;true&#8221; bg_effects=&#8221;parallax&#8221; font_color=&#8221;#ffffff&#8221; font_weight=&#8221;500&#8243;][mk_divider style=&#8221;padding_space&#8221;][\/vc_column][\/vc_row][vc_row][vc_column][mk_fancy_title size=&#8221;24&#8243; font_family=&#8221;none&#8221;]The multiple benefits of our services[\/mk_fancy_title][vc_column_text css=&#8221;.vc_custom_1544562493549{margin-bottom: 0px !important;}&#8221;] S\u00c9CURIT\u00c9 INVESTIGATIONS QUALI-T, differs from other agencies in its unconditional focus on quality and performance. This means: Efficiency and speed of execution Knowledgeable staff Professionalism Follow-up A true Relationship with the customer Quality [&hellip;]<\/p>\n","protected":false},"author":1,"featured_media":0,"parent":14095,"menu_order":0,"comment_status":"closed","ping_status":"closed","template":"","meta":{"footnotes":""},"class_list":["post-14541","page","type-page","status-publish","hentry"],"yoast_head":"<!-- This site is optimized with the Yoast SEO Premium plugin v26.8 (Yoast SEO v26.8) - https:\/\/yoast.com\/product\/yoast-seo-premium-wordpress\/ -->\n<title>The advantages of S\u00c9CURIT\u00c9 INVESTIGATIONS QUALI-T - S\u00e9curit\u00e9 Investigation Quali-T<\/title>\n<meta name=\"robots\" content=\"index, follow, max-snippet:-1, max-image-preview:large, max-video-preview:-1\" \/>\n<link rel=\"canonical\" href=\"https:\/\/filaturequali-t.com\/en\/securite-investigations-quali-t\/the-advantages-of-securite-investigations-quali-t\/\" \/>\n<meta property=\"og:locale\" content=\"en_US\" \/>\n<meta property=\"og:type\" content=\"article\" \/>\n<meta property=\"og:title\" content=\"The advantages of S\u00c9CURIT\u00c9 INVESTIGATIONS QUALI-T\" \/>\n<meta property=\"og:description\" content=\"[vc_row fullwidth=&#8221;true&#8221;][vc_column][mk_page_title_box page_title=&#8221;OUR ADVANTAGES&#8221; bg_image=&#8221;https:\/\/filaturequali-t.com\/wp-content\/uploads\/2018\/11\/nos-avantages.jpg&#8221; bg_position=&#8221;center center&#8221; bg_stretch=&#8221;true&#8221; bg_effects=&#8221;parallax&#8221; font_color=&#8221;#ffffff&#8221; font_weight=&#8221;500&#8243;][mk_divider style=&#8221;padding_space&#8221;][\/vc_column][\/vc_row][vc_row][vc_column][mk_fancy_title size=&#8221;24&#8243; font_family=&#8221;none&#8221;]The multiple benefits of our services[\/mk_fancy_title][vc_column_text css=&#8221;.vc_custom_1544562493549{margin-bottom: 0px !important;}&#8221;] S\u00c9CURIT\u00c9 INVESTIGATIONS QUALI-T, differs from other agencies in its unconditional focus on quality and performance. This means: Efficiency and speed of execution Knowledgeable staff Professionalism Follow-up A true Relationship with the customer Quality [&hellip;]\" \/>\n<meta property=\"og:url\" content=\"https:\/\/filaturequali-t.com\/en\/securite-investigations-quali-t\/the-advantages-of-securite-investigations-quali-t\/\" \/>\n<meta property=\"og:site_name\" content=\"S\u00e9curit\u00e9 Investigation Quali-T\" \/>\n<meta property=\"article:modified_time\" content=\"2018-12-12T16:14:49+00:00\" \/>\n<meta name=\"twitter:card\" content=\"summary_large_image\" \/>\n<meta name=\"twitter:label1\" content=\"Est. reading time\" \/>\n\t<meta name=\"twitter:data1\" content=\"2 minutes\" \/>\n<script type=\"application\/ld+json\" class=\"yoast-schema-graph\">{\"@context\":\"https:\/\/schema.org\",\"@graph\":[{\"@type\":\"WebPage\",\"@id\":\"https:\/\/filaturequali-t.com\/en\/securite-investigations-quali-t\/the-advantages-of-securite-investigations-quali-t\/\",\"url\":\"https:\/\/filaturequali-t.com\/en\/securite-investigations-quali-t\/the-advantages-of-securite-investigations-quali-t\/\",\"name\":\"The advantages of S\u00c9CURIT\u00c9 INVESTIGATIONS QUALI-T - S\u00e9curit\u00e9 Investigation Quali-T\",\"isPartOf\":{\"@id\":\"https:\/\/filaturequali-t.com\/#website\"},\"datePublished\":\"2018-12-11T21:09:20+00:00\",\"dateModified\":\"2018-12-12T16:14:49+00:00\",\"breadcrumb\":{\"@id\":\"https:\/\/filaturequali-t.com\/en\/securite-investigations-quali-t\/the-advantages-of-securite-investigations-quali-t\/#breadcrumb\"},\"inLanguage\":\"en-US\",\"potentialAction\":[{\"@type\":\"ReadAction\",\"target\":[\"https:\/\/filaturequali-t.com\/en\/securite-investigations-quali-t\/the-advantages-of-securite-investigations-quali-t\/\"]}]},{\"@type\":\"BreadcrumbList\",\"@id\":\"https:\/\/filaturequali-t.com\/en\/securite-investigations-quali-t\/the-advantages-of-securite-investigations-quali-t\/#breadcrumb\",\"itemListElement\":[{\"@type\":\"ListItem\",\"position\":1,\"name\":\"Home\",\"item\":\"https:\/\/filaturequali-t.com\/en\/\"},{\"@type\":\"ListItem\",\"position\":2,\"name\":\"S\u00e9curit\u00e9 Investigations Quali-T\",\"item\":\"https:\/\/filaturequali-t.com\/en\/securite-investigations-quali-t\/\"},{\"@type\":\"ListItem\",\"position\":3,\"name\":\"The advantages of S\u00c9CURIT\u00c9 INVESTIGATIONS QUALI-T\"}]},{\"@type\":\"WebSite\",\"@id\":\"https:\/\/filaturequali-t.com\/#website\",\"url\":\"https:\/\/filaturequali-t.com\/\",\"name\":\"S\u00e9curit\u00e9 Investigation Quali-T\",\"description\":\"\",\"publisher\":{\"@id\":\"https:\/\/filaturequali-t.com\/#organization\"},\"potentialAction\":[{\"@type\":\"SearchAction\",\"target\":{\"@type\":\"EntryPoint\",\"urlTemplate\":\"https:\/\/filaturequali-t.com\/?s={search_term_string}\"},\"query-input\":{\"@type\":\"PropertyValueSpecification\",\"valueRequired\":true,\"valueName\":\"search_term_string\"}}],\"inLanguage\":\"en-US\"},{\"@type\":\"Organization\",\"@id\":\"https:\/\/filaturequali-t.com\/#organization\",\"name\":\"Filature QualiT\",\"url\":\"https:\/\/filaturequali-t.com\/\",\"logo\":{\"@type\":\"ImageObject\",\"inLanguage\":\"en-US\",\"@id\":\"https:\/\/filaturequali-t.com\/#\/schema\/logo\/image\/\",\"url\":\"https:\/\/filaturequali-t.com\/wp-content\/uploads\/2018\/10\/logo-transparent.png\",\"contentUrl\":\"https:\/\/filaturequali-t.com\/wp-content\/uploads\/2018\/10\/logo-transparent.png\",\"width\":250,\"height\":250,\"caption\":\"Filature QualiT\"},\"image\":{\"@id\":\"https:\/\/filaturequali-t.com\/#\/schema\/logo\/image\/\"}}]}<\/script>\n<!-- \/ Yoast SEO Premium plugin. -->","yoast_head_json":{"title":"The advantages of S\u00c9CURIT\u00c9 INVESTIGATIONS QUALI-T - S\u00e9curit\u00e9 Investigation Quali-T","robots":{"index":"index","follow":"follow","max-snippet":"max-snippet:-1","max-image-preview":"max-image-preview:large","max-video-preview":"max-video-preview:-1"},"canonical":"https:\/\/filaturequali-t.com\/en\/securite-investigations-quali-t\/the-advantages-of-securite-investigations-quali-t\/","og_locale":"en_US","og_type":"article","og_title":"The advantages of S\u00c9CURIT\u00c9 INVESTIGATIONS QUALI-T","og_description":"[vc_row fullwidth=&#8221;true&#8221;][vc_column][mk_page_title_box page_title=&#8221;OUR ADVANTAGES&#8221; bg_image=&#8221;https:\/\/filaturequali-t.com\/wp-content\/uploads\/2018\/11\/nos-avantages.jpg&#8221; bg_position=&#8221;center center&#8221; bg_stretch=&#8221;true&#8221; bg_effects=&#8221;parallax&#8221; font_color=&#8221;#ffffff&#8221; font_weight=&#8221;500&#8243;][mk_divider style=&#8221;padding_space&#8221;][\/vc_column][\/vc_row][vc_row][vc_column][mk_fancy_title size=&#8221;24&#8243; font_family=&#8221;none&#8221;]The multiple benefits of our services[\/mk_fancy_title][vc_column_text css=&#8221;.vc_custom_1544562493549{margin-bottom: 0px !important;}&#8221;] S\u00c9CURIT\u00c9 INVESTIGATIONS QUALI-T, differs from other agencies in its unconditional focus on quality and performance. This means: Efficiency and speed of execution Knowledgeable staff Professionalism Follow-up A true Relationship with the customer Quality [&hellip;]","og_url":"https:\/\/filaturequali-t.com\/en\/securite-investigations-quali-t\/the-advantages-of-securite-investigations-quali-t\/","og_site_name":"S\u00e9curit\u00e9 Investigation Quali-T","article_modified_time":"2018-12-12T16:14:49+00:00","twitter_card":"summary_large_image","twitter_misc":{"Est. reading time":"2 minutes"},"schema":{"@context":"https:\/\/schema.org","@graph":[{"@type":"WebPage","@id":"https:\/\/filaturequali-t.com\/en\/securite-investigations-quali-t\/the-advantages-of-securite-investigations-quali-t\/","url":"https:\/\/filaturequali-t.com\/en\/securite-investigations-quali-t\/the-advantages-of-securite-investigations-quali-t\/","name":"The advantages of S\u00c9CURIT\u00c9 INVESTIGATIONS QUALI-T - S\u00e9curit\u00e9 Investigation Quali-T","isPartOf":{"@id":"https:\/\/filaturequali-t.com\/#website"},"datePublished":"2018-12-11T21:09:20+00:00","dateModified":"2018-12-12T16:14:49+00:00","breadcrumb":{"@id":"https:\/\/filaturequali-t.com\/en\/securite-investigations-quali-t\/the-advantages-of-securite-investigations-quali-t\/#breadcrumb"},"inLanguage":"en-US","potentialAction":[{"@type":"ReadAction","target":["https:\/\/filaturequali-t.com\/en\/securite-investigations-quali-t\/the-advantages-of-securite-investigations-quali-t\/"]}]},{"@type":"BreadcrumbList","@id":"https:\/\/filaturequali-t.com\/en\/securite-investigations-quali-t\/the-advantages-of-securite-investigations-quali-t\/#breadcrumb","itemListElement":[{"@type":"ListItem","position":1,"name":"Home","item":"https:\/\/filaturequali-t.com\/en\/"},{"@type":"ListItem","position":2,"name":"S\u00e9curit\u00e9 Investigations Quali-T","item":"https:\/\/filaturequali-t.com\/en\/securite-investigations-quali-t\/"},{"@type":"ListItem","position":3,"name":"The advantages of S\u00c9CURIT\u00c9 INVESTIGATIONS QUALI-T"}]},{"@type":"WebSite","@id":"https:\/\/filaturequali-t.com\/#website","url":"https:\/\/filaturequali-t.com\/","name":"S\u00e9curit\u00e9 Investigation Quali-T","description":"","publisher":{"@id":"https:\/\/filaturequali-t.com\/#organization"},"potentialAction":[{"@type":"SearchAction","target":{"@type":"EntryPoint","urlTemplate":"https:\/\/filaturequali-t.com\/?s={search_term_string}"},"query-input":{"@type":"PropertyValueSpecification","valueRequired":true,"valueName":"search_term_string"}}],"inLanguage":"en-US"},{"@type":"Organization","@id":"https:\/\/filaturequali-t.com\/#organization","name":"Filature QualiT","url":"https:\/\/filaturequali-t.com\/","logo":{"@type":"ImageObject","inLanguage":"en-US","@id":"https:\/\/filaturequali-t.com\/#\/schema\/logo\/image\/","url":"https:\/\/filaturequali-t.com\/wp-content\/uploads\/2018\/10\/logo-transparent.png","contentUrl":"https:\/\/filaturequali-t.com\/wp-content\/uploads\/2018\/10\/logo-transparent.png","width":250,"height":250,"caption":"Filature QualiT"},"image":{"@id":"https:\/\/filaturequali-t.com\/#\/schema\/logo\/image\/"}}]}},"_links":{"self":[{"href":"https:\/\/filaturequali-t.com\/en\/wp-json\/wp\/v2\/pages\/14541","targetHints":{"allow":["GET"]}}],"collection":[{"href":"https:\/\/filaturequali-t.com\/en\/wp-json\/wp\/v2\/pages"}],"about":[{"href":"https:\/\/filaturequali-t.com\/en\/wp-json\/wp\/v2\/types\/page"}],"author":[{"embeddable":true,"href":"https:\/\/filaturequali-t.com\/en\/wp-json\/wp\/v2\/users\/1"}],"replies":[{"embeddable":true,"href":"https:\/\/filaturequali-t.com\/en\/wp-json\/wp\/v2\/comments?post=14541"}],"version-history":[{"count":2,"href":"https:\/\/filaturequali-t.com\/en\/wp-json\/wp\/v2\/pages\/14541\/revisions"}],"predecessor-version":[{"id":14543,"href":"https:\/\/filaturequali-t.com\/en\/wp-json\/wp\/v2\/pages\/14541\/revisions\/14543"}],"up":[{"embeddable":true,"href":"https:\/\/filaturequali-t.com\/en\/wp-json\/wp\/v2\/pages\/14095"}],"wp:attachment":[{"href":"https:\/\/filaturequali-t.com\/en\/wp-json\/wp\/v2\/media?parent=14541"}],"curies":[{"name":"wp","href":"https:\/\/api.w.org\/{rel}","templated":true}]}}