{"id":14095,"date":"2018-10-22T20:07:45","date_gmt":"2018-10-22T20:07:45","guid":{"rendered":"https:\/\/filaturequali-t.com\/?page_id=14095"},"modified":"2018-12-12T11:16:36","modified_gmt":"2018-12-12T16:16:36","slug":"securite-investigations-quali-t","status":"publish","type":"page","link":"https:\/\/filaturequali-t.com\/en\/securite-investigations-quali-t\/","title":{"rendered":"S\u00e9curit\u00e9 Investigations Quali-T"},"content":{"rendered":"<div class=\"wpb-content-wrapper\">[vc_row fullwidth=&#8221;true&#8221;][vc_column][mk_page_title_box page_title=&#8221;S\u00c9CURIT\u00c9 INVESTIGATIONS QUALI-T&#8221; bg_image=&#8221;https:\/\/filaturequali-t.com\/wp-content\/uploads\/2018\/11\/securite-investigations-qualit.jpg&#8221; bg_position=&#8221;center center&#8221; bg_stretch=&#8221;true&#8221; bg_effects=&#8221;parallax&#8221; font_color=&#8221;#ffffff&#8221; font_weight=&#8221;500&#8243; sub_font_weight=&#8221;500&#8243;][mk_divider style=&#8221;padding_space&#8221;][\/vc_column][\/vc_row][vc_row][vc_column][mk_fancy_title size=&#8221;24&#8243; font_family=&#8221;none&#8221;]S\u00c9CURIT\u00c9 INVESTIGATIONS QUALI-T[\/mk_fancy_title][vc_column_text css=&#8221;.vc_custom_1544562008886{margin-bottom: 0px !important;}&#8221;]\n<div id=\"col_COLUMN_ZMDRJLK8FZ\" class=\"large-12 columns\">\n<div id=\"text_BLOCK_8CK5RXJBSU\" class=\"block-text\">\n<p><strong>S\u00c9CURIT\u00c9 INVESTIGATIONS QUALI-T<\/strong>\u00a0was founded in 1998 by Mr. Alain Perron, a retired police officer from the S\u00fbret\u00e9 du Qu\u00e9bec.<br \/>\nDuring his career as a police officer, Mr. Perron worked in different specialized services such as:<\/p>\n<p>Crime-scene technician for the Forensic Division. On thirteen occasions, the Court declared him an expert witness as a specialist in fingerprints, tool marks, step marks, tire marks, blood stain interpretation and other fields.<\/p>\n<p>Corporal in charge of a team with the Surveillance Squad. During these years, he supervised a team of investigators.<\/p>\n<p>Corporal in charge of a team in the Major Crimes Division. He supervised a team of investigators, conducting murder, qualified theft, extortion, abduction and confinement, hostage taking investigations and others.<\/p>\n<\/div>\n<\/div>\n<div id=\"col_COLUMN_79PII4FUEZ\" class=\"large-12 columns\">\n<div id=\"text_BLOCK_X5C42U9DLH\" class=\"block-text\">\n<p>With his extensive acquired expertise and the qualified team with which he has surrounded himself, Mr. Perron has founded a serious investigation company that handles files professionally and effectively<\/p>\n<\/div>\n<\/div>\n[\/vc_column_text][\/vc_column][\/vc_row][vc_row][vc_column][mk_divider style=&#8221;thin_solid&#8221;][mk_title_box font_family=&#8221;none&#8221; align=&#8221;center&#8221;]Since its founding, <strong>S\u00c9CURIT\u00c9 INVESTIGATIONS QUALI-T<\/strong> has acquired a much-enviable reputation in the field of investigations due to its integrity, and the attention and the confidentiality given to each request.[\/mk_title_box][\/vc_column][\/vc_row]\n<\/div>","protected":false},"excerpt":{"rendered":"<p>[vc_row fullwidth=&#8221;true&#8221;][vc_column][mk_page_title_box page_title=&#8221;S\u00c9CURIT\u00c9 INVESTIGATIONS QUALI-T&#8221; bg_image=&#8221;https:\/\/filaturequali-t.com\/wp-content\/uploads\/2018\/11\/securite-investigations-qualit.jpg&#8221; bg_position=&#8221;center center&#8221; bg_stretch=&#8221;true&#8221; bg_effects=&#8221;parallax&#8221; font_color=&#8221;#ffffff&#8221; font_weight=&#8221;500&#8243; sub_font_weight=&#8221;500&#8243;][mk_divider style=&#8221;padding_space&#8221;][\/vc_column][\/vc_row][vc_row][vc_column][mk_fancy_title size=&#8221;24&#8243; font_family=&#8221;none&#8221;]S\u00c9CURIT\u00c9 INVESTIGATIONS QUALI-T[\/mk_fancy_title][vc_column_text css=&#8221;.vc_custom_1544562008886{margin-bottom: 0px !important;}&#8221;] S\u00c9CURIT\u00c9 INVESTIGATIONS QUALI-T\u00a0was founded in 1998 by Mr. Alain Perron, a retired police officer from the S\u00fbret\u00e9 du Qu\u00e9bec. During his career as a police officer, Mr. Perron worked in different specialized services such [&hellip;]<\/p>\n","protected":false},"author":1,"featured_media":0,"parent":0,"menu_order":0,"comment_status":"closed","ping_status":"closed","template":"","meta":{"footnotes":""},"class_list":["post-14095","page","type-page","status-publish","hentry"],"yoast_head":"<!-- This site is optimized with the Yoast SEO Premium plugin v26.8 (Yoast SEO v26.8) - https:\/\/yoast.com\/product\/yoast-seo-premium-wordpress\/ -->\n<title>S\u00e9curit\u00e9 Investigations Quali-T - S\u00e9curit\u00e9 Investigation Quali-T<\/title>\n<meta name=\"robots\" content=\"index, follow, max-snippet:-1, max-image-preview:large, max-video-preview:-1\" \/>\n<link rel=\"canonical\" href=\"https:\/\/filaturequali-t.com\/en\/securite-investigations-quali-t\/\" \/>\n<meta property=\"og:locale\" content=\"en_US\" \/>\n<meta property=\"og:type\" content=\"article\" \/>\n<meta property=\"og:title\" content=\"S\u00e9curit\u00e9 Investigations Quali-T\" \/>\n<meta property=\"og:description\" content=\"[vc_row fullwidth=&#8221;true&#8221;][vc_column][mk_page_title_box page_title=&#8221;S\u00c9CURIT\u00c9 INVESTIGATIONS QUALI-T&#8221; bg_image=&#8221;https:\/\/filaturequali-t.com\/wp-content\/uploads\/2018\/11\/securite-investigations-qualit.jpg&#8221; bg_position=&#8221;center center&#8221; bg_stretch=&#8221;true&#8221; bg_effects=&#8221;parallax&#8221; font_color=&#8221;#ffffff&#8221; font_weight=&#8221;500&#8243; sub_font_weight=&#8221;500&#8243;][mk_divider style=&#8221;padding_space&#8221;][\/vc_column][\/vc_row][vc_row][vc_column][mk_fancy_title size=&#8221;24&#8243; font_family=&#8221;none&#8221;]S\u00c9CURIT\u00c9 INVESTIGATIONS QUALI-T[\/mk_fancy_title][vc_column_text css=&#8221;.vc_custom_1544562008886{margin-bottom: 0px !important;}&#8221;] S\u00c9CURIT\u00c9 INVESTIGATIONS QUALI-T\u00a0was founded in 1998 by Mr. Alain Perron, a retired police officer from the S\u00fbret\u00e9 du Qu\u00e9bec. During his career as a police officer, Mr. Perron worked in different specialized services such [&hellip;]\" \/>\n<meta property=\"og:url\" content=\"https:\/\/filaturequali-t.com\/en\/securite-investigations-quali-t\/\" \/>\n<meta property=\"og:site_name\" content=\"S\u00e9curit\u00e9 Investigation Quali-T\" \/>\n<meta property=\"article:modified_time\" content=\"2018-12-12T16:16:36+00:00\" \/>\n<meta name=\"twitter:card\" content=\"summary_large_image\" \/>\n<meta name=\"twitter:label1\" content=\"Est. reading time\" \/>\n\t<meta name=\"twitter:data1\" content=\"1 minute\" \/>\n<script type=\"application\/ld+json\" class=\"yoast-schema-graph\">{\"@context\":\"https:\/\/schema.org\",\"@graph\":[{\"@type\":\"WebPage\",\"@id\":\"https:\/\/filaturequali-t.com\/en\/securite-investigations-quali-t\/\",\"url\":\"https:\/\/filaturequali-t.com\/en\/securite-investigations-quali-t\/\",\"name\":\"S\u00e9curit\u00e9 Investigations Quali-T - S\u00e9curit\u00e9 Investigation Quali-T\",\"isPartOf\":{\"@id\":\"https:\/\/filaturequali-t.com\/#website\"},\"datePublished\":\"2018-10-22T20:07:45+00:00\",\"dateModified\":\"2018-12-12T16:16:36+00:00\",\"breadcrumb\":{\"@id\":\"https:\/\/filaturequali-t.com\/en\/securite-investigations-quali-t\/#breadcrumb\"},\"inLanguage\":\"en-US\",\"potentialAction\":[{\"@type\":\"ReadAction\",\"target\":[\"https:\/\/filaturequali-t.com\/en\/securite-investigations-quali-t\/\"]}]},{\"@type\":\"BreadcrumbList\",\"@id\":\"https:\/\/filaturequali-t.com\/en\/securite-investigations-quali-t\/#breadcrumb\",\"itemListElement\":[{\"@type\":\"ListItem\",\"position\":1,\"name\":\"Home\",\"item\":\"https:\/\/filaturequali-t.com\/en\/\"},{\"@type\":\"ListItem\",\"position\":2,\"name\":\"S\u00e9curit\u00e9 Investigations Quali-T\"}]},{\"@type\":\"WebSite\",\"@id\":\"https:\/\/filaturequali-t.com\/#website\",\"url\":\"https:\/\/filaturequali-t.com\/\",\"name\":\"S\u00e9curit\u00e9 Investigation Quali-T\",\"description\":\"\",\"publisher\":{\"@id\":\"https:\/\/filaturequali-t.com\/#organization\"},\"potentialAction\":[{\"@type\":\"SearchAction\",\"target\":{\"@type\":\"EntryPoint\",\"urlTemplate\":\"https:\/\/filaturequali-t.com\/?s={search_term_string}\"},\"query-input\":{\"@type\":\"PropertyValueSpecification\",\"valueRequired\":true,\"valueName\":\"search_term_string\"}}],\"inLanguage\":\"en-US\"},{\"@type\":\"Organization\",\"@id\":\"https:\/\/filaturequali-t.com\/#organization\",\"name\":\"Filature QualiT\",\"url\":\"https:\/\/filaturequali-t.com\/\",\"logo\":{\"@type\":\"ImageObject\",\"inLanguage\":\"en-US\",\"@id\":\"https:\/\/filaturequali-t.com\/#\/schema\/logo\/image\/\",\"url\":\"https:\/\/filaturequali-t.com\/wp-content\/uploads\/2018\/10\/logo-transparent.png\",\"contentUrl\":\"https:\/\/filaturequali-t.com\/wp-content\/uploads\/2018\/10\/logo-transparent.png\",\"width\":250,\"height\":250,\"caption\":\"Filature QualiT\"},\"image\":{\"@id\":\"https:\/\/filaturequali-t.com\/#\/schema\/logo\/image\/\"}}]}<\/script>\n<!-- \/ Yoast SEO Premium plugin. -->","yoast_head_json":{"title":"S\u00e9curit\u00e9 Investigations Quali-T - S\u00e9curit\u00e9 Investigation Quali-T","robots":{"index":"index","follow":"follow","max-snippet":"max-snippet:-1","max-image-preview":"max-image-preview:large","max-video-preview":"max-video-preview:-1"},"canonical":"https:\/\/filaturequali-t.com\/en\/securite-investigations-quali-t\/","og_locale":"en_US","og_type":"article","og_title":"S\u00e9curit\u00e9 Investigations Quali-T","og_description":"[vc_row fullwidth=&#8221;true&#8221;][vc_column][mk_page_title_box page_title=&#8221;S\u00c9CURIT\u00c9 INVESTIGATIONS QUALI-T&#8221; bg_image=&#8221;https:\/\/filaturequali-t.com\/wp-content\/uploads\/2018\/11\/securite-investigations-qualit.jpg&#8221; bg_position=&#8221;center center&#8221; bg_stretch=&#8221;true&#8221; bg_effects=&#8221;parallax&#8221; font_color=&#8221;#ffffff&#8221; font_weight=&#8221;500&#8243; sub_font_weight=&#8221;500&#8243;][mk_divider style=&#8221;padding_space&#8221;][\/vc_column][\/vc_row][vc_row][vc_column][mk_fancy_title size=&#8221;24&#8243; font_family=&#8221;none&#8221;]S\u00c9CURIT\u00c9 INVESTIGATIONS QUALI-T[\/mk_fancy_title][vc_column_text css=&#8221;.vc_custom_1544562008886{margin-bottom: 0px !important;}&#8221;] S\u00c9CURIT\u00c9 INVESTIGATIONS QUALI-T\u00a0was founded in 1998 by Mr. Alain Perron, a retired police officer from the S\u00fbret\u00e9 du Qu\u00e9bec. During his career as a police officer, Mr. Perron worked in different specialized services such [&hellip;]","og_url":"https:\/\/filaturequali-t.com\/en\/securite-investigations-quali-t\/","og_site_name":"S\u00e9curit\u00e9 Investigation Quali-T","article_modified_time":"2018-12-12T16:16:36+00:00","twitter_card":"summary_large_image","twitter_misc":{"Est. reading time":"1 minute"},"schema":{"@context":"https:\/\/schema.org","@graph":[{"@type":"WebPage","@id":"https:\/\/filaturequali-t.com\/en\/securite-investigations-quali-t\/","url":"https:\/\/filaturequali-t.com\/en\/securite-investigations-quali-t\/","name":"S\u00e9curit\u00e9 Investigations Quali-T - S\u00e9curit\u00e9 Investigation Quali-T","isPartOf":{"@id":"https:\/\/filaturequali-t.com\/#website"},"datePublished":"2018-10-22T20:07:45+00:00","dateModified":"2018-12-12T16:16:36+00:00","breadcrumb":{"@id":"https:\/\/filaturequali-t.com\/en\/securite-investigations-quali-t\/#breadcrumb"},"inLanguage":"en-US","potentialAction":[{"@type":"ReadAction","target":["https:\/\/filaturequali-t.com\/en\/securite-investigations-quali-t\/"]}]},{"@type":"BreadcrumbList","@id":"https:\/\/filaturequali-t.com\/en\/securite-investigations-quali-t\/#breadcrumb","itemListElement":[{"@type":"ListItem","position":1,"name":"Home","item":"https:\/\/filaturequali-t.com\/en\/"},{"@type":"ListItem","position":2,"name":"S\u00e9curit\u00e9 Investigations Quali-T"}]},{"@type":"WebSite","@id":"https:\/\/filaturequali-t.com\/#website","url":"https:\/\/filaturequali-t.com\/","name":"S\u00e9curit\u00e9 Investigation Quali-T","description":"","publisher":{"@id":"https:\/\/filaturequali-t.com\/#organization"},"potentialAction":[{"@type":"SearchAction","target":{"@type":"EntryPoint","urlTemplate":"https:\/\/filaturequali-t.com\/?s={search_term_string}"},"query-input":{"@type":"PropertyValueSpecification","valueRequired":true,"valueName":"search_term_string"}}],"inLanguage":"en-US"},{"@type":"Organization","@id":"https:\/\/filaturequali-t.com\/#organization","name":"Filature QualiT","url":"https:\/\/filaturequali-t.com\/","logo":{"@type":"ImageObject","inLanguage":"en-US","@id":"https:\/\/filaturequali-t.com\/#\/schema\/logo\/image\/","url":"https:\/\/filaturequali-t.com\/wp-content\/uploads\/2018\/10\/logo-transparent.png","contentUrl":"https:\/\/filaturequali-t.com\/wp-content\/uploads\/2018\/10\/logo-transparent.png","width":250,"height":250,"caption":"Filature QualiT"},"image":{"@id":"https:\/\/filaturequali-t.com\/#\/schema\/logo\/image\/"}}]}},"_links":{"self":[{"href":"https:\/\/filaturequali-t.com\/en\/wp-json\/wp\/v2\/pages\/14095","targetHints":{"allow":["GET"]}}],"collection":[{"href":"https:\/\/filaturequali-t.com\/en\/wp-json\/wp\/v2\/pages"}],"about":[{"href":"https:\/\/filaturequali-t.com\/en\/wp-json\/wp\/v2\/types\/page"}],"author":[{"embeddable":true,"href":"https:\/\/filaturequali-t.com\/en\/wp-json\/wp\/v2\/users\/1"}],"replies":[{"embeddable":true,"href":"https:\/\/filaturequali-t.com\/en\/wp-json\/wp\/v2\/comments?post=14095"}],"version-history":[{"count":5,"href":"https:\/\/filaturequali-t.com\/en\/wp-json\/wp\/v2\/pages\/14095\/revisions"}],"predecessor-version":[{"id":14540,"href":"https:\/\/filaturequali-t.com\/en\/wp-json\/wp\/v2\/pages\/14095\/revisions\/14540"}],"wp:attachment":[{"href":"https:\/\/filaturequali-t.com\/en\/wp-json\/wp\/v2\/media?parent=14095"}],"curies":[{"name":"wp","href":"https:\/\/api.w.org\/{rel}","templated":true}]}}